{"id":497,"date":"2025-04-09T09:15:16","date_gmt":"2025-04-09T16:15:16","guid":{"rendered":"https:\/\/selaculturalcenter.org\/?page_id=497"},"modified":"2025-08-07T13:45:01","modified_gmt":"2025-08-07T20:45:01","slug":"proceso","status":"publish","type":"page","link":"https:\/\/selaculturalcenter.org\/es\/proceso","title":{"rendered":"Proceso"},"content":{"rendered":"\t\t<div data-elementor-type=\"wp-page\" data-elementor-id=\"497\" class=\"elementor elementor-497 elementor-496\" data-elementor-post-type=\"page\">\n\t\t\t\t<div class=\"elementor-element elementor-element-5301437 e-con-full e-flex e-con e-parent\" data-id=\"5301437\" data-element_type=\"container\" data-e-type=\"container\">\n\t\t<div class=\"elementor-element elementor-element-20f3622 e-con-full e-flex e-con e-child\" data-id=\"20f3622\" data-element_type=\"container\" data-e-type=\"container\">\n\t\t\t\t<div class=\"elementor-element elementor-element-9de12fb elementor-widget-tablet__width-initial elementor-widget-mobile__width-inherit elementor-widget elementor-widget-heading\" data-id=\"9de12fb\" data-element_type=\"widget\" data-e-type=\"widget\" data-widget_type=\"heading.default\">\n\t\t\t\t<div class=\"elementor-widget-container\">\n\t\t\t\t\t<h1 class=\"elementor-heading-title elementor-size-default\">Proceso<\/h1>\t\t\t\t<\/div>\n\t\t\t\t<\/div>\n\t\t\t\t<div class=\"elementor-element elementor-element-b4cd0fb bullets elementor-widget-tablet__width-initial elementor-widget-mobile__width-inherit elementor-widget elementor-widget-text-editor\" data-id=\"b4cd0fb\" data-element_type=\"widget\" data-e-type=\"widget\" data-widget_type=\"text-editor.default\">\n\t\t\t\t<div class=\"elementor-widget-container\">\n\t\t\t\t\t\t\t\t\t<p>El Centro Cultural SELA es un espacio multiart\u00edstico planificado que combina un dise\u00f1o y una programaci\u00f3n de primer nivel con la vibrante cultura del sureste de Los \u00c1ngeles. El panel asesor se reunir\u00e1 y apoyar\u00e1 la participaci\u00f3n de la comunidad a lo largo de dos a\u00f1os, desde diciembre de 2024 hasta 2026. A continuaci\u00f3n, se incluye un resumen del proceso general del panel.<\/p><p>Durante el proceso, habr\u00e1 una variedad de oportunidades para participar en el Panel y aprender m\u00e1s sobre el futuro Centro Cultural SELA. Todas las reuniones del Panel est\u00e1n abiertas al p\u00fablico, y se anima a los miembros de la comunidad a asistir para aprender m\u00e1s, compartir comentarios y contribuir a la programaci\u00f3n y las operaciones futuras. Adem\u00e1s, puede encontrar informaci\u00f3n sobre los pr\u00f3ximos eventos de divulgaci\u00f3n y participaci\u00f3n comunitaria <a href=\"\/community-events\">aqu\u00ed<\/a>, y enlaces a redes sociales aqu\u00ed: <a href=\"https:\/\/www.facebook.com\/profile.php?id=61575762303312\" target=\"_blank\" rel=\"noopener\">Facebook<\/a> e <a href=\"https:\/\/www.instagram.com\/selaculturalcenter?utm_source=ig_web_button_share_sheet&amp;igsh=ZDNlZDc0MzIxNw==\" target=\"_blank\" rel=\"noopener\">Instagram.<\/a><\/p><p>\u00a1Vuelva a visitarnos con frecuencia para mantenerse actualizado sobre m\u00e1s formas de participar!<\/p>\t\t\t\t\t\t\t\t<\/div>\n\t\t\t\t<\/div>\n\t\t\t\t<div class=\"elementor-element elementor-element-acbacd1 elementor-widget-divider--separator-type-pattern elementor-widget-divider--view-line elementor-widget elementor-widget-divider\" data-id=\"acbacd1\" data-element_type=\"widget\" data-e-type=\"widget\" data-widget_type=\"divider.default\">\n\t\t\t\t<div class=\"elementor-widget-container\">\n\t\t\t\t\t\t\t<div class=\"elementor-divider\" style=\"--divider-pattern-url: url(&quot;data:image\/svg+xml,%3Csvg xmlns=&#039;http:\/\/www.w3.org\/2000\/svg&#039; preserveAspectRatio=&#039;none&#039; overflow=&#039;visible&#039; height=&#039;100%&#039; viewBox=&#039;0 0 24 24&#039; fill=&#039;none&#039; stroke=&#039;black&#039; stroke-width=&#039;5&#039; stroke-linecap=&#039;square&#039; stroke-miterlimit=&#039;10&#039;%3E%3Cpolyline points=&#039;0,6 6,6 6,18 18,18 18,6 24,6 \t&#039;\/%3E%3C\/svg%3E&quot;);\">\n\t\t\t<span class=\"elementor-divider-separator\">\n\t\t\t\t\t\t<\/span>\n\t\t<\/div>\n\t\t\t\t\t\t<\/div>\n\t\t\t\t<\/div>\n\t\t\t\t<\/div>\n\t\t<div class=\"elementor-element elementor-element-ab78c30 e-con-full e-flex elementor-invisible e-con e-child\" data-id=\"ab78c30\" data-element_type=\"container\" data-e-type=\"container\" data-settings=\"{&quot;motion_fx_motion_fx_scrolling&quot;:&quot;yes&quot;,&quot;animation&quot;:&quot;fadeIn&quot;,&quot;background_background&quot;:&quot;classic&quot;,&quot;motion_fx_devices&quot;:[&quot;desktop&quot;,&quot;tablet&quot;,&quot;mobile&quot;]}\">\n\t\t\t\t<div class=\"elementor-element elementor-element-c99ee3b elementor-widget elementor-widget-heading\" data-id=\"c99ee3b\" data-element_type=\"widget\" data-e-type=\"widget\" data-widget_type=\"heading.default\">\n\t\t\t\t<div class=\"elementor-widget-container\">\n\t\t\t\t\t<h2 class=\"elementor-heading-title elementor-size-default\">Fase 1: Investigaci\u00f3n de panel<\/h2>\t\t\t\t<\/div>\n\t\t\t\t<\/div>\n\t\t\t\t<div class=\"elementor-element elementor-element-8ee6122 bullets-02 elementor-widget elementor-widget-text-editor\" data-id=\"8ee6122\" data-element_type=\"widget\" data-e-type=\"widget\" data-widget_type=\"text-editor.default\">\n\t\t\t\t<div class=\"elementor-widget-container\">\n\t\t\t\t\t\t\t\t\t<p><em>Diciembre de 2024 a diciembre de 2025<\/em><\/p><ul><li><span style=\"font-weight: 400;\">Establecer un plan de trabajo del Panel Asesor<\/span><\/li><li>Establecer un plan de participaci\u00f3n comunitaria<\/li><li>Realizar actividades de investigaci\u00f3n y divulgaci\u00f3n<\/li><li>Revisar los modelos de centros culturales<\/li><li>Compartir actualizaciones para informar al p\u00fablico sobre el Centro Cultural<\/li><li>Desarrollar alianzas<\/li><\/ul>\t\t\t\t\t\t\t\t<\/div>\n\t\t\t\t<\/div>\n\t\t\t\t<div class=\"elementor-element elementor-element-194e3d3 elementor-widget elementor-widget-heading\" data-id=\"194e3d3\" data-element_type=\"widget\" data-e-type=\"widget\" data-widget_type=\"heading.default\">\n\t\t\t\t<div class=\"elementor-widget-container\">\n\t\t\t\t\t<h2 class=\"elementor-heading-title elementor-size-default\">Fase 2: Operaciones y desarrollo del plan<\/h2>\t\t\t\t<\/div>\n\t\t\t\t<\/div>\n\t\t\t\t<div class=\"elementor-element elementor-element-489a907 bullets-02 elementor-widget elementor-widget-text-editor\" data-id=\"489a907\" data-element_type=\"widget\" data-e-type=\"widget\" data-widget_type=\"text-editor.default\">\n\t\t\t\t<div class=\"elementor-widget-container\">\n\t\t\t\t\t\t\t\t\t<p><em>Enero de 2026 a enero de 2027<\/em><\/p><ul><li>Establecer un plan de trabajo del Panel Asesor<\/li><li>Revisar y sintetizar las ideas de la comunidad, la investigaci\u00f3n y el marco de estabilizaci\u00f3n<\/li><li><span style=\"font-weight: 400;\">Realizar actividades continuas de divulgaci\u00f3n y participaci\u00f3n<\/span><\/li><li>Continuar compartiendo actualizaciones para informar al p\u00fablico sobre el Centro Cultural<\/li><li>Continuar desarrollando alianzas<\/li><li>Redactar y finalizar el Plan de Operaciones Recomendado<\/li><\/ul>\t\t\t\t\t\t\t\t<\/div>\n\t\t\t\t<\/div>\n\t\t\t\t<\/div>\n\t\t<div class=\"elementor-element elementor-element-876b345 e-flex e-con-boxed e-con e-child\" data-id=\"876b345\" data-element_type=\"container\" data-e-type=\"container\">\n\t\t\t\t\t<div class=\"e-con-inner\">\n\t\t\t\t<div class=\"elementor-element elementor-element-3388ce4 elementor-invisible elementor-widget elementor-widget-image\" data-id=\"3388ce4\" data-element_type=\"widget\" data-e-type=\"widget\" data-settings=\"{&quot;motion_fx_motion_fx_scrolling&quot;:&quot;yes&quot;,&quot;_animation&quot;:&quot;fadeIn&quot;,&quot;motion_fx_devices&quot;:[&quot;desktop&quot;,&quot;tablet&quot;,&quot;mobile&quot;]}\" data-widget_type=\"image.default\">\n\t\t\t\t<div class=\"elementor-widget-container\">\n\t\t\t\t\t\t\t\t\t\t\t\t<figure class=\"wp-caption\">\n\t\t\t\t\t\t\t\t\t\t<img fetchpriority=\"high\" decoding=\"async\" width=\"760\" height=\"507\" src=\"https:\/\/selaculturalcenter.org\/wp-content\/uploads\/2025\/04\/process-photo-1.jpg\" class=\"attachment-full size-full wp-image-503\" alt=\"\" srcset=\"https:\/\/selaculturalcenter.org\/wp-content\/uploads\/2025\/04\/process-photo-1.jpg 760w, https:\/\/selaculturalcenter.org\/wp-content\/uploads\/2025\/04\/process-photo-1-300x200.jpg 300w\" sizes=\"(max-width: 760px) 100vw, 760px\" \/>\t\t\t\t\t\t\t\t\t\t\t<figcaption class=\"widget-image-caption wp-caption-text\">Photo Credit: Latinas Art Foundation<\/figcaption>\n\t\t\t\t\t\t\t\t\t\t<\/figure>\n\t\t\t\t\t\t\t\t\t<\/div>\n\t\t\t\t<\/div>\n\t\t\t\t<div class=\"elementor-element elementor-element-679d540 elementor-invisible elementor-widget elementor-widget-image\" data-id=\"679d540\" data-element_type=\"widget\" data-e-type=\"widget\" data-settings=\"{&quot;motion_fx_motion_fx_scrolling&quot;:&quot;yes&quot;,&quot;_animation&quot;:&quot;fadeIn&quot;,&quot;motion_fx_devices&quot;:[&quot;desktop&quot;,&quot;tablet&quot;,&quot;mobile&quot;]}\" data-widget_type=\"image.default\">\n\t\t\t\t<div class=\"elementor-widget-container\">\n\t\t\t\t\t\t\t\t\t\t\t\t<figure class=\"wp-caption\">\n\t\t\t\t\t\t\t\t\t\t<img decoding=\"async\" width=\"760\" height=\"507\" src=\"https:\/\/selaculturalcenter.org\/wp-content\/uploads\/2025\/04\/process-photo-2.jpg\" class=\"attachment-full size-full wp-image-501\" alt=\"\" srcset=\"https:\/\/selaculturalcenter.org\/wp-content\/uploads\/2025\/04\/process-photo-2.jpg 760w, https:\/\/selaculturalcenter.org\/wp-content\/uploads\/2025\/04\/process-photo-2-300x200.jpg 300w\" sizes=\"(max-width: 760px) 100vw, 760px\" \/>\t\t\t\t\t\t\t\t\t\t\t<figcaption class=\"widget-image-caption wp-caption-text\">Photo Credit: Latinas Art Foundation<\/figcaption>\n\t\t\t\t\t\t\t\t\t\t<\/figure>\n\t\t\t\t\t\t\t\t\t<\/div>\n\t\t\t\t<\/div>\n\t\t\t\t\t<\/div>\n\t\t\t\t<\/div>\n\t\t\t\t<\/div>\n\t\t\t\t<\/div>\n\t\t","protected":false},"excerpt":{"rendered":"<p>Proceso El Centro Cultural SELA es un espacio multiart\u00edstico planificado que combina un dise\u00f1o y una programaci\u00f3n de primer nivel con la vibrante cultura del sureste de Los \u00c1ngeles. El [&hellip;]<\/p>\n","protected":false},"author":2,"featured_media":0,"parent":0,"menu_order":0,"comment_status":"closed","ping_status":"closed","template":"","meta":{"inline_featured_image":false,"footnotes":""},"categories":[18],"tags":[],"class_list":["post-497","page","type-page","status-publish","hentry","category-interior"],"yoast_head":"<!-- This site is optimized with the Yoast SEO plugin v27.4 - https:\/\/yoast.com\/product\/yoast-seo-wordpress\/ -->\n<title>Proceso - SELA<\/title>\n<meta name=\"robots\" content=\"index, follow, max-snippet:-1, max-image-preview:large, max-video-preview:-1\" \/>\n<link rel=\"canonical\" href=\"https:\/\/selaculturalcenter.org\/process\" \/>\n<meta property=\"og:locale\" content=\"es_ES\" \/>\n<meta property=\"og:type\" content=\"article\" \/>\n<meta property=\"og:title\" content=\"Proceso - SELA\" \/>\n<meta property=\"og:description\" content=\"Proceso El Centro Cultural SELA es un espacio multiart\u00edstico planificado que combina un dise\u00f1o y una programaci\u00f3n de primer nivel con la vibrante cultura del sureste de Los \u00c1ngeles. El [&hellip;]\" \/>\n<meta property=\"og:url\" content=\"https:\/\/selaculturalcenter.org\/process\" \/>\n<meta property=\"og:site_name\" content=\"SELA\" \/>\n<meta property=\"article:modified_time\" content=\"2025-08-07T20:45:01+00:00\" \/>\n<meta property=\"og:image\" content=\"https:\/\/selaculturalcenter.org\/wp-content\/uploads\/2025\/04\/process-photo-1.jpg\" \/>\n<meta name=\"twitter:card\" content=\"summary_large_image\" \/>\n<meta name=\"twitter:label1\" content=\"Est. reading time\" \/>\n\t<meta name=\"twitter:data1\" content=\"2 minutos\" \/>\n<script type=\"application\/ld+json\" class=\"yoast-schema-graph\">{\"@context\":\"https:\\\/\\\/schema.org\",\"@graph\":[{\"@type\":\"WebPage\",\"@id\":\"https:\\\/\\\/selaculturalcenter.org\\\/process\",\"url\":\"https:\\\/\\\/selaculturalcenter.org\\\/process\",\"name\":\"Proceso - SELA\",\"isPartOf\":{\"@id\":\"https:\\\/\\\/selaculturalcenter.org\\\/#website\"},\"primaryImageOfPage\":{\"@id\":\"https:\\\/\\\/selaculturalcenter.org\\\/process#primaryimage\"},\"image\":{\"@id\":\"https:\\\/\\\/selaculturalcenter.org\\\/process#primaryimage\"},\"thumbnailUrl\":\"https:\\\/\\\/selaculturalcenter.org\\\/wp-content\\\/uploads\\\/2025\\\/04\\\/process-photo-1.jpg\",\"datePublished\":\"2025-04-09T16:15:16+00:00\",\"dateModified\":\"2025-08-07T20:45:01+00:00\",\"breadcrumb\":{\"@id\":\"https:\\\/\\\/selaculturalcenter.org\\\/process#breadcrumb\"},\"inLanguage\":\"es\",\"potentialAction\":[{\"@type\":\"ReadAction\",\"target\":[\"https:\\\/\\\/selaculturalcenter.org\\\/process\"]}]},{\"@type\":\"ImageObject\",\"inLanguage\":\"es\",\"@id\":\"https:\\\/\\\/selaculturalcenter.org\\\/process#primaryimage\",\"url\":\"https:\\\/\\\/selaculturalcenter.org\\\/wp-content\\\/uploads\\\/2025\\\/04\\\/process-photo-1.jpg\",\"contentUrl\":\"https:\\\/\\\/selaculturalcenter.org\\\/wp-content\\\/uploads\\\/2025\\\/04\\\/process-photo-1.jpg\"},{\"@type\":\"BreadcrumbList\",\"@id\":\"https:\\\/\\\/selaculturalcenter.org\\\/process#breadcrumb\",\"itemListElement\":[{\"@type\":\"ListItem\",\"position\":1,\"name\":\"Home\",\"item\":\"https:\\\/\\\/selaculturalcenter.org\\\/\"},{\"@type\":\"ListItem\",\"position\":2,\"name\":\"Proceso\"}]},{\"@type\":\"WebSite\",\"@id\":\"https:\\\/\\\/selaculturalcenter.org\\\/#website\",\"url\":\"https:\\\/\\\/selaculturalcenter.org\\\/\",\"name\":\"SELA\",\"description\":\"Cultural Center Advisory Panel\",\"publisher\":{\"@id\":\"https:\\\/\\\/selaculturalcenter.org\\\/#organization\"},\"potentialAction\":[{\"@type\":\"SearchAction\",\"target\":{\"@type\":\"EntryPoint\",\"urlTemplate\":\"https:\\\/\\\/selaculturalcenter.org\\\/?s={search_term_string}\"},\"query-input\":{\"@type\":\"PropertyValueSpecification\",\"valueRequired\":true,\"valueName\":\"search_term_string\"}}],\"inLanguage\":\"es\"},{\"@type\":\"Organization\",\"@id\":\"https:\\\/\\\/selaculturalcenter.org\\\/#organization\",\"name\":\"SELA\",\"url\":\"https:\\\/\\\/selaculturalcenter.org\\\/\",\"logo\":{\"@type\":\"ImageObject\",\"inLanguage\":\"es\",\"@id\":\"https:\\\/\\\/selaculturalcenter.org\\\/#\\\/schema\\\/logo\\\/image\\\/\",\"url\":\"https:\\\/\\\/selaculturalcenter.org\\\/wp-content\\\/uploads\\\/2024\\\/02\\\/SELA-Logo.png\",\"contentUrl\":\"https:\\\/\\\/selaculturalcenter.org\\\/wp-content\\\/uploads\\\/2024\\\/02\\\/SELA-Logo.png\",\"width\":311,\"height\":137,\"caption\":\"SELA\"},\"image\":{\"@id\":\"https:\\\/\\\/selaculturalcenter.org\\\/#\\\/schema\\\/logo\\\/image\\\/\"}}]}<\/script>\n<!-- \/ Yoast SEO plugin. -->","yoast_head_json":{"title":"Proceso - SELA","robots":{"index":"index","follow":"follow","max-snippet":"max-snippet:-1","max-image-preview":"max-image-preview:large","max-video-preview":"max-video-preview:-1"},"canonical":"https:\/\/selaculturalcenter.org\/process","og_locale":"es_ES","og_type":"article","og_title":"Proceso - SELA","og_description":"Proceso El Centro Cultural SELA es un espacio multiart\u00edstico planificado que combina un dise\u00f1o y una programaci\u00f3n de primer nivel con la vibrante cultura del sureste de Los \u00c1ngeles. El [&hellip;]","og_url":"https:\/\/selaculturalcenter.org\/process","og_site_name":"SELA","article_modified_time":"2025-08-07T20:45:01+00:00","og_image":[{"url":"https:\/\/selaculturalcenter.org\/wp-content\/uploads\/2025\/04\/process-photo-1.jpg","type":"","width":"","height":""}],"twitter_card":"summary_large_image","twitter_misc":{"Est. reading time":"2 minutos"},"schema":{"@context":"https:\/\/schema.org","@graph":[{"@type":"WebPage","@id":"https:\/\/selaculturalcenter.org\/process","url":"https:\/\/selaculturalcenter.org\/process","name":"Proceso - SELA","isPartOf":{"@id":"https:\/\/selaculturalcenter.org\/#website"},"primaryImageOfPage":{"@id":"https:\/\/selaculturalcenter.org\/process#primaryimage"},"image":{"@id":"https:\/\/selaculturalcenter.org\/process#primaryimage"},"thumbnailUrl":"https:\/\/selaculturalcenter.org\/wp-content\/uploads\/2025\/04\/process-photo-1.jpg","datePublished":"2025-04-09T16:15:16+00:00","dateModified":"2025-08-07T20:45:01+00:00","breadcrumb":{"@id":"https:\/\/selaculturalcenter.org\/process#breadcrumb"},"inLanguage":"es","potentialAction":[{"@type":"ReadAction","target":["https:\/\/selaculturalcenter.org\/process"]}]},{"@type":"ImageObject","inLanguage":"es","@id":"https:\/\/selaculturalcenter.org\/process#primaryimage","url":"https:\/\/selaculturalcenter.org\/wp-content\/uploads\/2025\/04\/process-photo-1.jpg","contentUrl":"https:\/\/selaculturalcenter.org\/wp-content\/uploads\/2025\/04\/process-photo-1.jpg"},{"@type":"BreadcrumbList","@id":"https:\/\/selaculturalcenter.org\/process#breadcrumb","itemListElement":[{"@type":"ListItem","position":1,"name":"Home","item":"https:\/\/selaculturalcenter.org\/"},{"@type":"ListItem","position":2,"name":"Proceso"}]},{"@type":"WebSite","@id":"https:\/\/selaculturalcenter.org\/#website","url":"https:\/\/selaculturalcenter.org\/","name":"SELA","description":"Cultural Center Advisory Panel","publisher":{"@id":"https:\/\/selaculturalcenter.org\/#organization"},"potentialAction":[{"@type":"SearchAction","target":{"@type":"EntryPoint","urlTemplate":"https:\/\/selaculturalcenter.org\/?s={search_term_string}"},"query-input":{"@type":"PropertyValueSpecification","valueRequired":true,"valueName":"search_term_string"}}],"inLanguage":"es"},{"@type":"Organization","@id":"https:\/\/selaculturalcenter.org\/#organization","name":"SELA","url":"https:\/\/selaculturalcenter.org\/","logo":{"@type":"ImageObject","inLanguage":"es","@id":"https:\/\/selaculturalcenter.org\/#\/schema\/logo\/image\/","url":"https:\/\/selaculturalcenter.org\/wp-content\/uploads\/2024\/02\/SELA-Logo.png","contentUrl":"https:\/\/selaculturalcenter.org\/wp-content\/uploads\/2024\/02\/SELA-Logo.png","width":311,"height":137,"caption":"SELA"},"image":{"@id":"https:\/\/selaculturalcenter.org\/#\/schema\/logo\/image\/"}}]}},"_links":{"self":[{"href":"https:\/\/selaculturalcenter.org\/es\/wp-json\/wp\/v2\/pages\/497","targetHints":{"allow":["GET"]}}],"collection":[{"href":"https:\/\/selaculturalcenter.org\/es\/wp-json\/wp\/v2\/pages"}],"about":[{"href":"https:\/\/selaculturalcenter.org\/es\/wp-json\/wp\/v2\/types\/page"}],"author":[{"embeddable":true,"href":"https:\/\/selaculturalcenter.org\/es\/wp-json\/wp\/v2\/users\/2"}],"replies":[{"embeddable":true,"href":"https:\/\/selaculturalcenter.org\/es\/wp-json\/wp\/v2\/comments?post=497"}],"version-history":[{"count":0,"href":"https:\/\/selaculturalcenter.org\/es\/wp-json\/wp\/v2\/pages\/497\/revisions"}],"wp:attachment":[{"href":"https:\/\/selaculturalcenter.org\/es\/wp-json\/wp\/v2\/media?parent=497"}],"wp:term":[{"taxonomy":"category","embeddable":true,"href":"https:\/\/selaculturalcenter.org\/es\/wp-json\/wp\/v2\/categories?post=497"},{"taxonomy":"post_tag","embeddable":true,"href":"https:\/\/selaculturalcenter.org\/es\/wp-json\/wp\/v2\/tags?post=497"}],"curies":[{"name":"wp","href":"https:\/\/api.w.org\/{rel}","templated":true}]}}