{"id":464,"date":"2025-04-07T17:35:57","date_gmt":"2025-04-08T00:35:57","guid":{"rendered":"https:\/\/selaculturalcenter.org\/?page_id=464"},"modified":"2025-08-08T09:39:29","modified_gmt":"2025-08-08T16:39:29","slug":"panel-asesor","status":"publish","type":"page","link":"https:\/\/selaculturalcenter.org\/es\/panel-asesor","title":{"rendered":"Panel Asesor"},"content":{"rendered":"\t\t<div data-elementor-type=\"wp-page\" data-elementor-id=\"464\" class=\"elementor elementor-464 elementor-463\" data-elementor-post-type=\"page\">\n\t\t\t\t<div class=\"elementor-element elementor-element-65bb710 e-con-full e-flex e-con e-parent\" data-id=\"65bb710\" data-element_type=\"container\" data-e-type=\"container\">\n\t\t<div class=\"elementor-element elementor-element-7da4e83 e-con-full e-flex e-con e-child\" data-id=\"7da4e83\" data-element_type=\"container\" data-e-type=\"container\">\n\t\t\t\t<div class=\"elementor-element elementor-element-e8cd73e elementor-invisible elementor-widget elementor-widget-image\" data-id=\"e8cd73e\" data-element_type=\"widget\" data-e-type=\"widget\" data-settings=\"{&quot;_animation&quot;:&quot;fadeIn&quot;}\" data-widget_type=\"image.default\">\n\t\t\t\t<div class=\"elementor-widget-container\">\n\t\t\t\t\t\t\t\t\t\t\t\t\t\t\t<img fetchpriority=\"high\" decoding=\"async\" width=\"760\" height=\"300\" src=\"https:\/\/selaculturalcenter.org\/wp-content\/uploads\/2025\/04\/Advisory-Panel-Header-Image.png\" class=\"attachment-full size-full wp-image-469\" alt=\"advisory panel\" srcset=\"https:\/\/selaculturalcenter.org\/wp-content\/uploads\/2025\/04\/Advisory-Panel-Header-Image.png 760w, https:\/\/selaculturalcenter.org\/wp-content\/uploads\/2025\/04\/Advisory-Panel-Header-Image-300x118.png 300w\" sizes=\"(max-width: 760px) 100vw, 760px\" \/>\t\t\t\t\t\t\t\t\t\t\t\t\t\t\t<\/div>\n\t\t\t\t<\/div>\n\t\t\t\t<div class=\"elementor-element elementor-element-61b1dfe elementor-widget elementor-widget-heading\" data-id=\"61b1dfe\" data-element_type=\"widget\" data-e-type=\"widget\" data-widget_type=\"heading.default\">\n\t\t\t\t<div class=\"elementor-widget-container\">\n\t\t\t\t\t<h1 class=\"elementor-heading-title elementor-size-default\">Panel Asesor<\/h1>\t\t\t\t<\/div>\n\t\t\t\t<\/div>\n\t\t\t\t<div class=\"elementor-element elementor-element-d9a390a bullets elementor-widget elementor-widget-text-editor\" data-id=\"d9a390a\" data-element_type=\"widget\" data-e-type=\"widget\" data-widget_type=\"text-editor.default\">\n\t\t\t\t<div class=\"elementor-widget-container\">\n\t\t\t\t\t\t\t\t\t<p>En 2023, la Legislatura de California estableci\u00f3 el Panel Asesor del Centro Cultural SELA (Panel) para asesorar sobre la visi\u00f3n, el dise\u00f1o y la gobernanza del Centro Cultural SELA. Los miembros del Panel representan una muestra representativa de las experiencias de la comunidad SELA y la experiencia en las artes, e incluyen representantes de agencias estatales, del condado y de la ciudad, junto con artistas, educadores, tribus ind\u00edgenas y organizaciones comunitarias locales de SELA.<\/p><p>La misi\u00f3n y el cometido del Panel es desarrollar un Plan de Operaciones Recomendado para el Centro Cultural antes del 1 de enero de 2027. Antes del fin de plazo de enero 2027, el Panel Asesor tambi\u00e9n completar\u00e1 los siguientes objetivos:<\/p><ul><li>Asesorar a los socios del proyecto sobre la log\u00edstica para culminar la construcci\u00f3n y abrir el centro cultural a la comunidad del SELA en el a\u00f1o 2028<\/li><li>Desarrollar y recomendar una visi\u00f3n para el centro cultural que apoye a la comunidad SELA existente, incluido el desarrollo de asociaciones que apoyen al centro cultural<\/li><li>Establecer un plan de trabajo para fijar plazos para completar el plan de trabajo del Panel<\/li><\/ul><p>Este panel se crear\u00e1 en colaboraci\u00f3n con otros miembros de la comunidad y socios clave para garantizar que las prioridades de las comunidades de SELA se incorporen en todo el plan. El panel tambi\u00e9n se reunir\u00e1 <span style=\"font-weight: 400;\">regularmente<\/span>, en el que los miembros realizar\u00e1n investigaciones, evaluar\u00e1n la informaci\u00f3n y crear\u00e1n un consenso sobre lo que se necesitar\u00e1 para el funcionamiento exitoso del Centro Cultural SELA.<\/p>\t\t\t\t\t\t\t\t<\/div>\n\t\t\t\t<\/div>\n\t\t\t\t<div class=\"elementor-element elementor-element-bec3ca0 elementor-widget-divider--separator-type-pattern elementor-widget-divider--view-line elementor-widget elementor-widget-divider\" data-id=\"bec3ca0\" data-element_type=\"widget\" data-e-type=\"widget\" data-widget_type=\"divider.default\">\n\t\t\t\t<div class=\"elementor-widget-container\">\n\t\t\t\t\t\t\t<div class=\"elementor-divider\" style=\"--divider-pattern-url: url(&quot;data:image\/svg+xml,%3Csvg xmlns=&#039;http:\/\/www.w3.org\/2000\/svg&#039; preserveAspectRatio=&#039;none&#039; overflow=&#039;visible&#039; height=&#039;100%&#039; viewBox=&#039;0 0 24 24&#039; fill=&#039;none&#039; stroke=&#039;black&#039; stroke-width=&#039;5&#039; stroke-linecap=&#039;square&#039; stroke-miterlimit=&#039;10&#039;%3E%3Cpolyline points=&#039;0,6 6,6 6,18 18,18 18,6 24,6 \t&#039;\/%3E%3C\/svg%3E&quot;);\">\n\t\t\t<span class=\"elementor-divider-separator\">\n\t\t\t\t\t\t<\/span>\n\t\t<\/div>\n\t\t\t\t\t\t<\/div>\n\t\t\t\t<\/div>\n\t\t\t\t<div class=\"elementor-element elementor-element-97ec7de elementor-widget elementor-widget-shortcode\" data-id=\"97ec7de\" data-element_type=\"widget\" data-e-type=\"widget\" data-widget_type=\"shortcode.default\">\n\t\t\t\t<div class=\"elementor-widget-container\">\n\t\t\t\t\t\t\t<div class=\"elementor-shortcode\"><div class=\"table-responsive\">\n<table id=\"tablepress-4\" class=\"tablepress tablepress-id-4 table-type-1 tbody-has-connected-cells\">\n<thead>\n<tr class=\"row-1\">\n\t<th class=\"column-1\">Nombre<\/th><th class=\"column-2\">T\u00edtulo<\/th><th class=\"column-3\">Organizaci\u00f3n\/Asociaci\u00f3n<\/th><th class=\"column-4\">Representaci\u00f3n<\/th>\n<\/tr>\n<\/thead>\n<tbody class=\"row-striping\">\n<tr class=\"row-2\">\n\t<td class=\"column-1\">Armando Quintero<\/td><td class=\"column-2\">Director<\/td><td class=\"column-3\">Parques Estatales de California<\/td><td class=\"column-4\">Presidente<\/td>\n<\/tr>\n<tr class=\"row-3\">\n\t<td class=\"column-1\">Janice Hahn<\/td><td class=\"column-2\">Supervisora<\/td><td class=\"column-3\">4.\u00ba Distrito de Supervisi\u00f3n<\/td><td class=\"column-4\">Copresidenta<\/td>\n<\/tr>\n<tr class=\"row-4\">\n\t<td class=\"column-1\">Kristin Sakoda<\/td><td class=\"column-2\">Directora<\/td><td class=\"column-3\">Departamento de Arte y Cultura del Condado de Los \u00c1ngeles<\/td><td class=\"column-4\">Dos miembros que representen a una agencia del condado o a la comunidad SELA<\/td>\n<\/tr>\n<tr class=\"row-5\">\n\t<td class=\"column-1\">Gabriel Enamorado<\/td><td class=\"column-2\">Fundador y Director Ejecutivo<\/td><td class=\"column-3\">Stay Arts<\/td><td class=\"column-4\"><\/td>\n<\/tr>\n<tr class=\"row-6\">\n\t<td class=\"column-1\">Mark Flores<\/td><td class=\"column-2\">Director<\/td><td class=\"column-3\">Departamento de Recreaci\u00f3n y Servicios Comunitarios de la Ciudad de Lynwood<\/td><td class=\"column-4\">Un representante de la comunidad SELA con experiencia en parques municipales, programas de arte o recreaci\u00f3n<\/td>\n<\/tr>\n<tr class=\"row-7\">\n\t<td class=\"column-1\">Danaly Leon<\/td><td class=\"column-2\">Directora Ejecutiva<\/td><td class=\"column-3\">Latinas Art Foundation<\/td><td rowspan=\"2\" class=\"column-4\">Dos representantes de organizaciones sin fines de lucro de artistas de la comunidad SELA<\/td>\n<\/tr>\n<tr class=\"row-8\">\n\t<td class=\"column-1\">Diana Morales<\/td><td class=\"column-2\">Cofundadora y Directora Ejecutiva<\/td><td class=\"column-3\">SELA Arts Foundation<\/td>\n<\/tr>\n<tr class=\"row-9\">\n\t<td class=\"column-1\">Montserrat Hidalgo<\/td><td class=\"column-2\">Representante de la Juventud de SELA<\/td><td class=\"column-3\">Williams College, Graduada de la escuela secundaria de South Gate<\/td><td class=\"column-4\">Un representante, de 21 a\u00f1os de edad o menos, de los j\u00f3venes de la comunidad SELA<\/td>\n<\/tr>\n<tr class=\"row-10\">\n\t<td class=\"column-1\">Dilcia Barrera<\/td><td class=\"column-2\">Vicepresidenta s\u00e9nior<\/td><td class=\"column-3\">Ejecutiva de la organizaci\u00f3n de las artes<\/td><td class=\"column-4\">Un representante de una organizaci\u00f3n filantr\u00f3pica sin fines de lucro dedicada a la promoci\u00f3n de las artes<\/td>\n<\/tr>\n<tr class=\"row-11\">\n\t<td class=\"column-1\">Cynthia Fuentes<\/td><td class=\"column-2\">Vicepresidente de Participaci\u00f3n Comunitaria y Gubernamental<\/td><td class=\"column-3\">Asociaci\u00f3n Filarm\u00f3nica de Los \u00c1ngeles<\/td><td class=\"column-4\">Un representante de la Asociaci\u00f3n Filarm\u00f3nica de Los \u00c1ngeles<\/td>\n<\/tr>\n<tr class=\"row-12\">\n\t<td class=\"column-1\">Kimberly Morales Johnson<\/td><td class=\"column-2\">Secretaria Tribal<\/td><td class=\"column-3\">Banda de indios de la Misi\u00f3n de San Gabriel<\/td><td class=\"column-4\">Un representante de la comunidad tribal local<\/td>\n<\/tr>\n<\/tbody>\n<\/table>\n<!-- #tablepress-4 from cache --><\/div><\/div>\n\t\t\t\t\t\t<\/div>\n\t\t\t\t<\/div>\n\t\t\t\t<div class=\"elementor-element elementor-element-5e7576e elementor-widget-divider--separator-type-pattern elementor-widget-divider--view-line elementor-widget elementor-widget-divider\" data-id=\"5e7576e\" data-element_type=\"widget\" data-e-type=\"widget\" data-widget_type=\"divider.default\">\n\t\t\t\t<div class=\"elementor-widget-container\">\n\t\t\t\t\t\t\t<div class=\"elementor-divider\" style=\"--divider-pattern-url: url(&quot;data:image\/svg+xml,%3Csvg xmlns=&#039;http:\/\/www.w3.org\/2000\/svg&#039; preserveAspectRatio=&#039;none&#039; overflow=&#039;visible&#039; height=&#039;100%&#039; viewBox=&#039;0 0 24 24&#039; fill=&#039;none&#039; stroke=&#039;black&#039; stroke-width=&#039;5&#039; stroke-linecap=&#039;square&#039; stroke-miterlimit=&#039;10&#039;%3E%3Cpolyline points=&#039;0,6 6,6 6,18 18,18 18,6 24,6 \t&#039;\/%3E%3C\/svg%3E&quot;);\">\n\t\t\t<span class=\"elementor-divider-separator\">\n\t\t\t\t\t\t<\/span>\n\t\t<\/div>\n\t\t\t\t\t\t<\/div>\n\t\t\t\t<\/div>\n\t\t\t\t<div class=\"elementor-element elementor-element-6c85f54 bullets elementor-widget elementor-widget-text-editor\" data-id=\"6c85f54\" data-element_type=\"widget\" data-e-type=\"widget\" data-widget_type=\"text-editor.default\">\n\t\t\t\t<div class=\"elementor-widget-container\">\n\t\t\t\t\t\t\t\t\t<p>Para garantizar que todas las reuniones y decisiones del Panel sean accesibles al p\u00fablico, el Panel estar\u00e1 sujeto a la Ley de Reuniones Abiertas de Bagley Keene. Obtenga m\u00e1s informaci\u00f3n sobre la <a href=\"https:\/\/leginfo.legislature.ca.gov\/faces\/codes_displayText.xhtml?lawCode=GOV&amp;division=3.&amp;title=2.&amp;part=1.&amp;chapter=1.&amp;article=9.\" target=\"_blank\" rel=\"noopener\">Ley de Reuniones Abiertas de Bagley Keene<\/a>.<\/p>\t\t\t\t\t\t\t\t<\/div>\n\t\t\t\t<\/div>\n\t\t\t\t<\/div>\n\t\t<div class=\"elementor-element elementor-element-6efe1ab e-con-full e-flex elementor-invisible e-con e-child\" data-id=\"6efe1ab\" data-element_type=\"container\" data-e-type=\"container\" data-settings=\"{&quot;motion_fx_motion_fx_scrolling&quot;:&quot;yes&quot;,&quot;animation&quot;:&quot;fadeIn&quot;,&quot;background_background&quot;:&quot;classic&quot;,&quot;motion_fx_devices&quot;:[&quot;desktop&quot;,&quot;tablet&quot;,&quot;mobile&quot;]}\">\n\t\t\t\t<div class=\"elementor-element elementor-element-3ef6827 elementor-widget elementor-widget-heading\" data-id=\"3ef6827\" data-element_type=\"widget\" data-e-type=\"widget\" data-widget_type=\"heading.default\">\n\t\t\t\t<div class=\"elementor-widget-container\">\n\t\t\t\t\t<h2 class=\"elementor-heading-title elementor-size-default\">Pr\u00f3ximas reuniones del Panel Asesor<\/h2>\t\t\t\t<\/div>\n\t\t\t\t<\/div>\n\t\t\t\t<div class=\"elementor-element elementor-element-27ee7ee bullets elementor-widget elementor-widget-text-editor\" data-id=\"27ee7ee\" data-element_type=\"widget\" data-e-type=\"widget\" data-widget_type=\"text-editor.default\">\n\t\t\t\t<div class=\"elementor-widget-container\">\n\t\t\t\t\t\t\t\t\t<p>Obtenga m\u00e1s informaci\u00f3n sobre las reuniones pasadas y pr\u00f3ximas del Panel.<\/p><p><a href=\"\/wp-content\/uploads\/2025\/08\/SELACCAdvisoryPanel_WorkPlan_Final_02-28-25.pdf\" target=\"_blank\" rel=\"noopener\">Plan de trabajo del Panel Asesor<\/a><\/p>\t\t\t\t\t\t\t\t<\/div>\n\t\t\t\t<\/div>\n\t\t\t\t<div class=\"elementor-element elementor-element-d0f8d99 button elementor-widget elementor-widget-button\" data-id=\"d0f8d99\" data-element_type=\"widget\" data-e-type=\"widget\" data-widget_type=\"button.default\">\n\t\t\t\t<div class=\"elementor-widget-container\">\n\t\t\t\t\t\t\t\t\t<div class=\"elementor-button-wrapper\">\n\t\t\t\t\t<a class=\"elementor-button elementor-button-link elementor-size-sm\" href=\"https:\/\/selaculturalcenter.org\/es\/reuniones\/\">\n\t\t\t\t\t\t<span class=\"elementor-button-content-wrapper\">\n\t\t\t\t\t\t\t\t\t<span class=\"elementor-button-text\">M\u00c1S INFORMACI\u00d3N<\/span>\n\t\t\t\t\t<\/span>\n\t\t\t\t\t<\/a>\n\t\t\t\t<\/div>\n\t\t\t\t\t\t\t\t<\/div>\n\t\t\t\t<\/div>\n\t\t\t\t<\/div>\n\t\t<div class=\"elementor-element elementor-element-b6ea908 e-con-full e-flex elementor-invisible e-con e-child\" data-id=\"b6ea908\" data-element_type=\"container\" data-e-type=\"container\" data-settings=\"{&quot;motion_fx_motion_fx_scrolling&quot;:&quot;yes&quot;,&quot;animation&quot;:&quot;fadeIn&quot;,&quot;background_background&quot;:&quot;classic&quot;,&quot;motion_fx_devices&quot;:[&quot;desktop&quot;,&quot;tablet&quot;,&quot;mobile&quot;]}\">\n\t\t\t\t<div class=\"elementor-element elementor-element-038400c elementor-widget elementor-widget-heading\" data-id=\"038400c\" data-element_type=\"widget\" data-e-type=\"widget\" data-widget_type=\"heading.default\">\n\t\t\t\t<div class=\"elementor-widget-container\">\n\t\t\t\t\t<h2 class=\"elementor-heading-title elementor-size-default\">\u00a1Mant\u00e9ngase involucrado!<\/h2>\t\t\t\t<\/div>\n\t\t\t\t<\/div>\n\t\t\t\t<div class=\"elementor-element elementor-element-73ed038 bullets elementor-widget elementor-widget-text-editor\" data-id=\"73ed038\" data-element_type=\"widget\" data-e-type=\"widget\" data-widget_type=\"text-editor.default\">\n\t\t\t\t<div class=\"elementor-widget-container\">\n\t\t\t\t\t\t\t\t\t<p>Todas las reuniones y el trabajo del Panel estar\u00e1n disponibles para su consulta en este sitio web. Tambi\u00e9n puede volver aqu\u00ed para obtener informaci\u00f3n sobre futuras oportunidades de participaci\u00f3n en los pr\u00f3ximos meses.<\/p>\t\t\t\t\t\t\t\t<\/div>\n\t\t\t\t<\/div>\n\t\t\t\t<div class=\"elementor-element elementor-element-f0cfb30 button elementor-widget elementor-widget-button\" data-id=\"f0cfb30\" data-element_type=\"widget\" data-e-type=\"widget\" data-widget_type=\"button.default\">\n\t\t\t\t<div class=\"elementor-widget-container\">\n\t\t\t\t\t\t\t\t\t<div class=\"elementor-button-wrapper\">\n\t\t\t\t\t<a class=\"elementor-button elementor-button-link elementor-size-sm\" href=\"\/es\/eventos-comunitarios\/\">\n\t\t\t\t\t\t<span class=\"elementor-button-content-wrapper\">\n\t\t\t\t\t\t\t\t\t<span class=\"elementor-button-text\">M\u00c1S INFORMACI\u00d3N<\/span>\n\t\t\t\t\t<\/span>\n\t\t\t\t\t<\/a>\n\t\t\t\t<\/div>\n\t\t\t\t\t\t\t\t<\/div>\n\t\t\t\t<\/div>\n\t\t\t\t<\/div>\n\t\t\t\t<\/div>\n\t\t\t\t<\/div>\n\t\t","protected":false},"excerpt":{"rendered":"<p>Panel Asesor En 2023, la Legislatura de California estableci\u00f3 el Panel Asesor del Centro Cultural SELA (Panel) para asesorar sobre la visi\u00f3n, el dise\u00f1o y la gobernanza del Centro Cultural [&hellip;]<\/p>\n","protected":false},"author":1,"featured_media":0,"parent":0,"menu_order":0,"comment_status":"closed","ping_status":"closed","template":"","meta":{"inline_featured_image":false,"footnotes":""},"categories":[18],"tags":[],"class_list":["post-464","page","type-page","status-publish","hentry","category-interior"],"yoast_head":"<!-- This site is optimized with the Yoast SEO plugin v27.4 - https:\/\/yoast.com\/product\/yoast-seo-wordpress\/ -->\n<title>Panel Asesor - SELA<\/title>\n<meta name=\"robots\" content=\"index, follow, max-snippet:-1, max-image-preview:large, max-video-preview:-1\" \/>\n<link rel=\"canonical\" href=\"https:\/\/selaculturalcenter.org\/advisory-panel\" \/>\n<meta property=\"og:locale\" content=\"es_ES\" \/>\n<meta property=\"og:type\" content=\"article\" \/>\n<meta property=\"og:title\" content=\"Panel Asesor - SELA\" \/>\n<meta property=\"og:description\" content=\"Panel Asesor En 2023, la Legislatura de California estableci\u00f3 el Panel Asesor del Centro Cultural SELA (Panel) para asesorar sobre la visi\u00f3n, el dise\u00f1o y la gobernanza del Centro Cultural [&hellip;]\" \/>\n<meta property=\"og:url\" content=\"https:\/\/selaculturalcenter.org\/advisory-panel\" \/>\n<meta property=\"og:site_name\" content=\"SELA\" \/>\n<meta property=\"article:modified_time\" content=\"2025-08-08T16:39:29+00:00\" \/>\n<meta property=\"og:image\" content=\"https:\/\/selaculturalcenter.org\/wp-content\/uploads\/2025\/04\/Advisory-Panel-Header-Image.png\" \/>\n<meta name=\"twitter:card\" content=\"summary_large_image\" \/>\n<meta name=\"twitter:label1\" content=\"Est. reading time\" \/>\n\t<meta name=\"twitter:data1\" content=\"2 minutos\" \/>\n<script type=\"application\/ld+json\" class=\"yoast-schema-graph\">{\"@context\":\"https:\\\/\\\/schema.org\",\"@graph\":[{\"@type\":\"WebPage\",\"@id\":\"https:\\\/\\\/selaculturalcenter.org\\\/advisory-panel\",\"url\":\"https:\\\/\\\/selaculturalcenter.org\\\/advisory-panel\",\"name\":\"Panel Asesor - SELA\",\"isPartOf\":{\"@id\":\"https:\\\/\\\/selaculturalcenter.org\\\/#website\"},\"primaryImageOfPage\":{\"@id\":\"https:\\\/\\\/selaculturalcenter.org\\\/advisory-panel#primaryimage\"},\"image\":{\"@id\":\"https:\\\/\\\/selaculturalcenter.org\\\/advisory-panel#primaryimage\"},\"thumbnailUrl\":\"https:\\\/\\\/selaculturalcenter.org\\\/wp-content\\\/uploads\\\/2025\\\/04\\\/Advisory-Panel-Header-Image.png\",\"datePublished\":\"2025-04-08T00:35:57+00:00\",\"dateModified\":\"2025-08-08T16:39:29+00:00\",\"breadcrumb\":{\"@id\":\"https:\\\/\\\/selaculturalcenter.org\\\/advisory-panel#breadcrumb\"},\"inLanguage\":\"es\",\"potentialAction\":[{\"@type\":\"ReadAction\",\"target\":[\"https:\\\/\\\/selaculturalcenter.org\\\/advisory-panel\"]}]},{\"@type\":\"ImageObject\",\"inLanguage\":\"es\",\"@id\":\"https:\\\/\\\/selaculturalcenter.org\\\/advisory-panel#primaryimage\",\"url\":\"https:\\\/\\\/selaculturalcenter.org\\\/wp-content\\\/uploads\\\/2025\\\/04\\\/Advisory-Panel-Header-Image.png\",\"contentUrl\":\"https:\\\/\\\/selaculturalcenter.org\\\/wp-content\\\/uploads\\\/2025\\\/04\\\/Advisory-Panel-Header-Image.png\"},{\"@type\":\"BreadcrumbList\",\"@id\":\"https:\\\/\\\/selaculturalcenter.org\\\/advisory-panel#breadcrumb\",\"itemListElement\":[{\"@type\":\"ListItem\",\"position\":1,\"name\":\"Home\",\"item\":\"https:\\\/\\\/selaculturalcenter.org\\\/\"},{\"@type\":\"ListItem\",\"position\":2,\"name\":\"Panel Asesor\"}]},{\"@type\":\"WebSite\",\"@id\":\"https:\\\/\\\/selaculturalcenter.org\\\/#website\",\"url\":\"https:\\\/\\\/selaculturalcenter.org\\\/\",\"name\":\"SELA\",\"description\":\"Cultural Center Advisory Panel\",\"publisher\":{\"@id\":\"https:\\\/\\\/selaculturalcenter.org\\\/#organization\"},\"potentialAction\":[{\"@type\":\"SearchAction\",\"target\":{\"@type\":\"EntryPoint\",\"urlTemplate\":\"https:\\\/\\\/selaculturalcenter.org\\\/?s={search_term_string}\"},\"query-input\":{\"@type\":\"PropertyValueSpecification\",\"valueRequired\":true,\"valueName\":\"search_term_string\"}}],\"inLanguage\":\"es\"},{\"@type\":\"Organization\",\"@id\":\"https:\\\/\\\/selaculturalcenter.org\\\/#organization\",\"name\":\"SELA\",\"url\":\"https:\\\/\\\/selaculturalcenter.org\\\/\",\"logo\":{\"@type\":\"ImageObject\",\"inLanguage\":\"es\",\"@id\":\"https:\\\/\\\/selaculturalcenter.org\\\/#\\\/schema\\\/logo\\\/image\\\/\",\"url\":\"https:\\\/\\\/selaculturalcenter.org\\\/wp-content\\\/uploads\\\/2024\\\/02\\\/SELA-Logo.png\",\"contentUrl\":\"https:\\\/\\\/selaculturalcenter.org\\\/wp-content\\\/uploads\\\/2024\\\/02\\\/SELA-Logo.png\",\"width\":311,\"height\":137,\"caption\":\"SELA\"},\"image\":{\"@id\":\"https:\\\/\\\/selaculturalcenter.org\\\/#\\\/schema\\\/logo\\\/image\\\/\"}}]}<\/script>\n<!-- \/ Yoast SEO plugin. -->","yoast_head_json":{"title":"Panel Asesor - SELA","robots":{"index":"index","follow":"follow","max-snippet":"max-snippet:-1","max-image-preview":"max-image-preview:large","max-video-preview":"max-video-preview:-1"},"canonical":"https:\/\/selaculturalcenter.org\/advisory-panel","og_locale":"es_ES","og_type":"article","og_title":"Panel Asesor - SELA","og_description":"Panel Asesor En 2023, la Legislatura de California estableci\u00f3 el Panel Asesor del Centro Cultural SELA (Panel) para asesorar sobre la visi\u00f3n, el dise\u00f1o y la gobernanza del Centro Cultural [&hellip;]","og_url":"https:\/\/selaculturalcenter.org\/advisory-panel","og_site_name":"SELA","article_modified_time":"2025-08-08T16:39:29+00:00","og_image":[{"url":"https:\/\/selaculturalcenter.org\/wp-content\/uploads\/2025\/04\/Advisory-Panel-Header-Image.png","type":"","width":"","height":""}],"twitter_card":"summary_large_image","twitter_misc":{"Est. reading time":"2 minutos"},"schema":{"@context":"https:\/\/schema.org","@graph":[{"@type":"WebPage","@id":"https:\/\/selaculturalcenter.org\/advisory-panel","url":"https:\/\/selaculturalcenter.org\/advisory-panel","name":"Panel Asesor - SELA","isPartOf":{"@id":"https:\/\/selaculturalcenter.org\/#website"},"primaryImageOfPage":{"@id":"https:\/\/selaculturalcenter.org\/advisory-panel#primaryimage"},"image":{"@id":"https:\/\/selaculturalcenter.org\/advisory-panel#primaryimage"},"thumbnailUrl":"https:\/\/selaculturalcenter.org\/wp-content\/uploads\/2025\/04\/Advisory-Panel-Header-Image.png","datePublished":"2025-04-08T00:35:57+00:00","dateModified":"2025-08-08T16:39:29+00:00","breadcrumb":{"@id":"https:\/\/selaculturalcenter.org\/advisory-panel#breadcrumb"},"inLanguage":"es","potentialAction":[{"@type":"ReadAction","target":["https:\/\/selaculturalcenter.org\/advisory-panel"]}]},{"@type":"ImageObject","inLanguage":"es","@id":"https:\/\/selaculturalcenter.org\/advisory-panel#primaryimage","url":"https:\/\/selaculturalcenter.org\/wp-content\/uploads\/2025\/04\/Advisory-Panel-Header-Image.png","contentUrl":"https:\/\/selaculturalcenter.org\/wp-content\/uploads\/2025\/04\/Advisory-Panel-Header-Image.png"},{"@type":"BreadcrumbList","@id":"https:\/\/selaculturalcenter.org\/advisory-panel#breadcrumb","itemListElement":[{"@type":"ListItem","position":1,"name":"Home","item":"https:\/\/selaculturalcenter.org\/"},{"@type":"ListItem","position":2,"name":"Panel Asesor"}]},{"@type":"WebSite","@id":"https:\/\/selaculturalcenter.org\/#website","url":"https:\/\/selaculturalcenter.org\/","name":"SELA","description":"Cultural Center Advisory Panel","publisher":{"@id":"https:\/\/selaculturalcenter.org\/#organization"},"potentialAction":[{"@type":"SearchAction","target":{"@type":"EntryPoint","urlTemplate":"https:\/\/selaculturalcenter.org\/?s={search_term_string}"},"query-input":{"@type":"PropertyValueSpecification","valueRequired":true,"valueName":"search_term_string"}}],"inLanguage":"es"},{"@type":"Organization","@id":"https:\/\/selaculturalcenter.org\/#organization","name":"SELA","url":"https:\/\/selaculturalcenter.org\/","logo":{"@type":"ImageObject","inLanguage":"es","@id":"https:\/\/selaculturalcenter.org\/#\/schema\/logo\/image\/","url":"https:\/\/selaculturalcenter.org\/wp-content\/uploads\/2024\/02\/SELA-Logo.png","contentUrl":"https:\/\/selaculturalcenter.org\/wp-content\/uploads\/2024\/02\/SELA-Logo.png","width":311,"height":137,"caption":"SELA"},"image":{"@id":"https:\/\/selaculturalcenter.org\/#\/schema\/logo\/image\/"}}]}},"_links":{"self":[{"href":"https:\/\/selaculturalcenter.org\/es\/wp-json\/wp\/v2\/pages\/464","targetHints":{"allow":["GET"]}}],"collection":[{"href":"https:\/\/selaculturalcenter.org\/es\/wp-json\/wp\/v2\/pages"}],"about":[{"href":"https:\/\/selaculturalcenter.org\/es\/wp-json\/wp\/v2\/types\/page"}],"author":[{"embeddable":true,"href":"https:\/\/selaculturalcenter.org\/es\/wp-json\/wp\/v2\/users\/1"}],"replies":[{"embeddable":true,"href":"https:\/\/selaculturalcenter.org\/es\/wp-json\/wp\/v2\/comments?post=464"}],"version-history":[{"count":0,"href":"https:\/\/selaculturalcenter.org\/es\/wp-json\/wp\/v2\/pages\/464\/revisions"}],"wp:attachment":[{"href":"https:\/\/selaculturalcenter.org\/es\/wp-json\/wp\/v2\/media?parent=464"}],"wp:term":[{"taxonomy":"category","embeddable":true,"href":"https:\/\/selaculturalcenter.org\/es\/wp-json\/wp\/v2\/categories?post=464"},{"taxonomy":"post_tag","embeddable":true,"href":"https:\/\/selaculturalcenter.org\/es\/wp-json\/wp\/v2\/tags?post=464"}],"curies":[{"name":"wp","href":"https:\/\/api.w.org\/{rel}","templated":true}]}}