{"id":458,"date":"2024-02-14T20:43:08","date_gmt":"2024-02-15T04:43:08","guid":{"rendered":"https:\/\/selaculturalcenter.org\/el-centro\/"},"modified":"2025-11-06T16:57:43","modified_gmt":"2025-11-07T00:57:43","slug":"el-centro","status":"publish","type":"page","link":"https:\/\/selaculturalcenter.org\/es\/el-centro","title":{"rendered":"El Centro"},"content":{"rendered":"\t\t<div data-elementor-type=\"wp-page\" data-elementor-id=\"458\" class=\"elementor elementor-458 elementor-123\" data-elementor-post-type=\"page\">\n\t\t\t\t<div class=\"elementor-element elementor-element-5301437 e-con-full e-flex e-con e-parent\" data-id=\"5301437\" data-element_type=\"container\" data-e-type=\"container\">\n\t\t<div class=\"elementor-element elementor-element-20f3622 e-con-full e-flex e-con e-child\" data-id=\"20f3622\" data-element_type=\"container\" data-e-type=\"container\">\n\t\t\t\t<div class=\"elementor-element elementor-element-ac88cc5 elementor-invisible elementor-widget elementor-widget-image\" data-id=\"ac88cc5\" data-element_type=\"widget\" data-e-type=\"widget\" data-settings=\"{&quot;_animation&quot;:&quot;fadeIn&quot;}\" data-widget_type=\"image.default\">\n\t\t\t\t<div class=\"elementor-widget-container\">\n\t\t\t\t\t\t\t\t\t\t\t\t\t\t\t<img fetchpriority=\"high\" decoding=\"async\" width=\"760\" height=\"300\" src=\"https:\/\/selaculturalcenter.org\/wp-content\/uploads\/2025\/04\/The-Center-Page-Header.png\" class=\"attachment-full size-full wp-image-450\" alt=\"\" srcset=\"https:\/\/selaculturalcenter.org\/wp-content\/uploads\/2025\/04\/The-Center-Page-Header.png 760w, https:\/\/selaculturalcenter.org\/wp-content\/uploads\/2025\/04\/The-Center-Page-Header-300x118.png 300w\" sizes=\"(max-width: 760px) 100vw, 760px\" \/>\t\t\t\t\t\t\t\t\t\t\t\t\t\t\t<\/div>\n\t\t\t\t<\/div>\n\t\t\t\t<div class=\"elementor-element elementor-element-9de12fb elementor-widget elementor-widget-heading\" data-id=\"9de12fb\" data-element_type=\"widget\" data-e-type=\"widget\" data-widget_type=\"heading.default\">\n\t\t\t\t<div class=\"elementor-widget-container\">\n\t\t\t\t\t<h1 class=\"elementor-heading-title elementor-size-default\">El Centro<\/h1>\t\t\t\t<\/div>\n\t\t\t\t<\/div>\n\t\t\t\t<div class=\"elementor-element elementor-element-b4cd0fb elementor-widget elementor-widget-text-editor\" data-id=\"b4cd0fb\" data-element_type=\"widget\" data-e-type=\"widget\" data-widget_type=\"text-editor.default\">\n\t\t\t\t<div class=\"elementor-widget-container\">\n\t\t\t\t\t\t\t\t\t<p>En 2020, los miembros de la comunidad que participaron en el proceso de desarrollo de El Plan de Revitalizaci\u00f3n de La Secc\u00edon Baja del R\u00edo Los \u00c1ngeles identificaron el Proyecto del Centro Cultural del Sureste de Los \u00c1ngeles (Centro Cultural SELA, por sus siglas en ingl\u00e9s) como un destino regional de arte, cultura y creatividad para mostrar el trabajo diverso e innovador de la comunidad y los artistas de SELA.<\/p><p>Las <span style=\"font-weight: 400;\">ideas<\/span> de la comunidad han dado forma a un concepto inicial para el Centro Cultural, y una colaboraci\u00f3n entre el Condado de Los \u00c1ngeles, el Departamento de Parques y Recreaci\u00f3n del Estado de California y la Conservaci\u00f3n de R\u00edos y Monta\u00f1as de San Gabriel y la Zona Baja de Los \u00c1ngeles (RMC) impulsa el desarrollo de esta instalaci\u00f3n de vanguardia. Desde entonces, el proyecto ha recibido financiaci\u00f3n inicial para la planificaci\u00f3n y el dise\u00f1o del Centro, y el Departamento de Arte y Cultura del Condado de Los \u00c1ngeles ha sido designado como operador.<\/p><p>El Centro Cultural SELA crear\u00e1 un centro para reunir y destacar las habilidades y talentos creativos de la comunidad del sureste de Los \u00c1ngeles. La construcci\u00f3n y la programaci\u00f3n del Centro Cultural SELA tambi\u00e9n se crear\u00e1n en conjunto con los residentes y artistas de SELA que desde hace mucho tiempo han dado forma a la belleza y diversidad de la regi\u00f3n circundante. A medida que aumenten las inversiones y la infraestructura en el \u00e1rea del sureste de Los \u00c1ngeles que rodea El R\u00edo Bajo de Los \u00c1ngeles, ser\u00e1 fundamental garantizar que las comunidades no se desestabilicen ni se desplacen.<\/p><p>Ubicado en la confluencia de El R\u00edo Bajo de Los \u00c1ngeles y el r\u00edo Hondo, el Centro Cultural SELA reunir\u00e1 diversas disciplinas, elevando la vitalidad cultural del sureste de Los \u00c1ngeles a trav\u00e9s de recursos f\u00edsicos y program\u00e1ticos.<\/p>\t\t\t\t\t\t\t\t<\/div>\n\t\t\t\t<\/div>\n\t\t\t\t<\/div>\n\t\t<div class=\"elementor-element elementor-element-ab78c30 e-con-full e-flex elementor-invisible e-con e-child\" data-id=\"ab78c30\" data-element_type=\"container\" data-e-type=\"container\" data-settings=\"{&quot;motion_fx_motion_fx_scrolling&quot;:&quot;yes&quot;,&quot;animation&quot;:&quot;fadeIn&quot;,&quot;motion_fx_devices&quot;:[&quot;desktop&quot;,&quot;tablet&quot;,&quot;mobile&quot;]}\">\n\t\t<div class=\"elementor-element elementor-element-9101ae1 e-con-full e-flex e-con e-child\" data-id=\"9101ae1\" data-element_type=\"container\" data-e-type=\"container\" data-settings=\"{&quot;background_background&quot;:&quot;classic&quot;}\">\n\t\t\t\t<div class=\"elementor-element elementor-element-51c31b1 elementor-widget elementor-widget-image\" data-id=\"51c31b1\" data-element_type=\"widget\" data-e-type=\"widget\" data-settings=\"{&quot;motion_fx_motion_fx_scrolling&quot;:&quot;yes&quot;,&quot;motion_fx_opacity_effect&quot;:&quot;yes&quot;,&quot;motion_fx_opacity_range&quot;:{&quot;unit&quot;:&quot;%&quot;,&quot;size&quot;:&quot;&quot;,&quot;sizes&quot;:{&quot;start&quot;:10,&quot;end&quot;:45}},&quot;motion_fx_opacity_direction&quot;:&quot;out-in&quot;,&quot;motion_fx_opacity_level&quot;:{&quot;unit&quot;:&quot;px&quot;,&quot;size&quot;:10,&quot;sizes&quot;:[]},&quot;motion_fx_devices&quot;:[&quot;desktop&quot;,&quot;tablet&quot;,&quot;mobile&quot;]}\" data-widget_type=\"image.default\">\n\t\t\t\t<div class=\"elementor-widget-container\">\n\t\t\t\t\t\t\t\t\t\t\t\t<figure class=\"wp-caption\">\n\t\t\t\t\t\t\t\t\t\t\t<a href=\"https:\/\/selaculturalcenter.org\/wp-content\/uploads\/2025\/11\/SELA_Region-Map.png\" data-elementor-open-lightbox=\"yes\" data-elementor-lightbox-title=\"SELA_Region-Map\" data-e-action-hash=\"#elementor-action%3Aaction%3Dlightbox%26settings%3DeyJpZCI6MTMwNCwidXJsIjoiaHR0cHM6XC9cL3NlbGFjdWx0dXJhbGNlbnRlci5vcmdcL3dwLWNvbnRlbnRcL3VwbG9hZHNcLzIwMjVcLzExXC9TRUxBX1JlZ2lvbi1NYXAucG5nIn0%3D\">\n\t\t\t\t\t\t\t<img decoding=\"async\" width=\"800\" height=\"600\" src=\"https:\/\/selaculturalcenter.org\/wp-content\/uploads\/2025\/11\/SELA_Region-Map-1024x768.png\" class=\"elementor-animation-grow attachment-large size-large wp-image-1304\" alt=\"\" srcset=\"https:\/\/selaculturalcenter.org\/wp-content\/uploads\/2025\/11\/SELA_Region-Map-1024x768.png 1024w, https:\/\/selaculturalcenter.org\/wp-content\/uploads\/2025\/11\/SELA_Region-Map-300x225.png 300w, https:\/\/selaculturalcenter.org\/wp-content\/uploads\/2025\/11\/SELA_Region-Map-768x576.png 768w, https:\/\/selaculturalcenter.org\/wp-content\/uploads\/2025\/11\/SELA_Region-Map-1536x1152.png 1536w, https:\/\/selaculturalcenter.org\/wp-content\/uploads\/2025\/11\/SELA_Region-Map.png 1700w\" sizes=\"(max-width: 800px) 100vw, 800px\" \/>\t\t\t\t\t\t\t\t<\/a>\n\t\t\t\t\t\t\t\t\t\t\t<figcaption class=\"widget-image-caption wp-caption-text\">Pulsa para ampliar<\/figcaption>\n\t\t\t\t\t\t\t\t\t\t<\/figure>\n\t\t\t\t\t\t\t\t\t<\/div>\n\t\t\t\t<\/div>\n\t\t\t\t<\/div>\n\t\t<div class=\"elementor-element elementor-element-f4a2d86 e-flex e-con-boxed e-con e-child\" data-id=\"f4a2d86\" data-element_type=\"container\" data-e-type=\"container\">\n\t\t\t\t\t<div class=\"e-con-inner\">\n\t\t\t\t<div class=\"elementor-element elementor-element-24c913e elementor-widget elementor-widget-image\" data-id=\"24c913e\" data-element_type=\"widget\" data-e-type=\"widget\" data-settings=\"{&quot;motion_fx_motion_fx_scrolling&quot;:&quot;yes&quot;,&quot;motion_fx_opacity_effect&quot;:&quot;yes&quot;,&quot;motion_fx_opacity_range&quot;:{&quot;unit&quot;:&quot;%&quot;,&quot;size&quot;:&quot;&quot;,&quot;sizes&quot;:{&quot;start&quot;:10,&quot;end&quot;:45}},&quot;motion_fx_opacity_direction&quot;:&quot;out-in&quot;,&quot;motion_fx_opacity_level&quot;:{&quot;unit&quot;:&quot;px&quot;,&quot;size&quot;:10,&quot;sizes&quot;:[]},&quot;motion_fx_devices&quot;:[&quot;desktop&quot;,&quot;tablet&quot;,&quot;mobile&quot;]}\" data-widget_type=\"image.default\">\n\t\t\t\t<div class=\"elementor-widget-container\">\n\t\t\t\t\t\t\t\t\t\t\t\t<figure class=\"wp-caption\">\n\t\t\t\t\t\t\t\t\t\t\t<a href=\"https:\/\/selaculturalcenter.org\/wp-content\/uploads\/2025\/04\/SELA-Cultural-Center-Map_update.jpg\" data-elementor-open-lightbox=\"yes\" data-elementor-lightbox-title=\"SELA-Cultural-Center-Map_update\" data-e-action-hash=\"#elementor-action%3Aaction%3Dlightbox%26settings%3DeyJpZCI6NDU1LCJ1cmwiOiJodHRwczpcL1wvc2VsYWN1bHR1cmFsY2VudGVyLm9yZ1wvd3AtY29udGVudFwvdXBsb2Fkc1wvMjAyNVwvMDRcL1NFTEEtQ3VsdHVyYWwtQ2VudGVyLU1hcF91cGRhdGUuanBnIn0%3D\">\n\t\t\t\t\t\t\t<img decoding=\"async\" width=\"600\" height=\"602\" src=\"https:\/\/selaculturalcenter.org\/wp-content\/uploads\/2025\/04\/SELA-Cultural-Center-Map_update.jpg\" class=\"elementor-animation-grow attachment-large size-large wp-image-455\" alt=\"\" srcset=\"https:\/\/selaculturalcenter.org\/wp-content\/uploads\/2025\/04\/SELA-Cultural-Center-Map_update.jpg 600w, https:\/\/selaculturalcenter.org\/wp-content\/uploads\/2025\/04\/SELA-Cultural-Center-Map_update-300x300.jpg 300w, https:\/\/selaculturalcenter.org\/wp-content\/uploads\/2025\/04\/SELA-Cultural-Center-Map_update-150x150.jpg 150w\" sizes=\"(max-width: 600px) 100vw, 600px\" \/>\t\t\t\t\t\t\t\t<\/a>\n\t\t\t\t\t\t\t\t\t\t\t<figcaption class=\"widget-image-caption wp-caption-text\">Pulsa para ampliar<\/figcaption>\n\t\t\t\t\t\t\t\t\t\t<\/figure>\n\t\t\t\t\t\t\t\t\t<\/div>\n\t\t\t\t<\/div>\n\t\t\t\t\t<\/div>\n\t\t\t\t<\/div>\n\t\t\t\t<\/div>\n\t\t<div class=\"elementor-element elementor-element-b80f0de e-con-full e-flex e-con e-child\" data-id=\"b80f0de\" data-element_type=\"container\" data-e-type=\"container\">\n\t\t\t\t<div class=\"elementor-element elementor-element-67164a7 elementor-widget elementor-widget-image\" data-id=\"67164a7\" data-element_type=\"widget\" data-e-type=\"widget\" data-settings=\"{&quot;motion_fx_motion_fx_scrolling&quot;:&quot;yes&quot;,&quot;motion_fx_opacity_effect&quot;:&quot;yes&quot;,&quot;motion_fx_opacity_range&quot;:{&quot;unit&quot;:&quot;%&quot;,&quot;size&quot;:&quot;&quot;,&quot;sizes&quot;:{&quot;start&quot;:9,&quot;end&quot;:40}},&quot;motion_fx_opacity_direction&quot;:&quot;out-in&quot;,&quot;motion_fx_opacity_level&quot;:{&quot;unit&quot;:&quot;px&quot;,&quot;size&quot;:10,&quot;sizes&quot;:[]},&quot;motion_fx_devices&quot;:[&quot;desktop&quot;,&quot;tablet&quot;,&quot;mobile&quot;]}\" data-widget_type=\"image.default\">\n\t\t\t\t<div class=\"elementor-widget-container\">\n\t\t\t\t\t\t\t\t\t\t\t\t<figure class=\"wp-caption\">\n\t\t\t\t\t\t\t\t\t\t\t<a href=\"https:\/\/selaculturalcenter.org\/wp-content\/uploads\/2025\/04\/Cultural-Center-Rendering.png\" data-elementor-open-lightbox=\"yes\" data-elementor-lightbox-title=\"Cultural Center Rendering\" data-e-action-hash=\"#elementor-action%3Aaction%3Dlightbox%26settings%3DeyJpZCI6NDU3LCJ1cmwiOiJodHRwczpcL1wvc2VsYWN1bHR1cmFsY2VudGVyLm9yZ1wvd3AtY29udGVudFwvdXBsb2Fkc1wvMjAyNVwvMDRcL0N1bHR1cmFsLUNlbnRlci1SZW5kZXJpbmcucG5nIn0%3D\">\n\t\t\t\t\t\t\t<img loading=\"lazy\" decoding=\"async\" width=\"760\" height=\"416\" src=\"https:\/\/selaculturalcenter.org\/wp-content\/uploads\/2025\/04\/Cultural-Center-Rendering.png\" class=\"attachment-full size-full wp-image-457\" alt=\"Cultural Center Rendering\" srcset=\"https:\/\/selaculturalcenter.org\/wp-content\/uploads\/2025\/04\/Cultural-Center-Rendering.png 760w, https:\/\/selaculturalcenter.org\/wp-content\/uploads\/2025\/04\/Cultural-Center-Rendering-300x164.png 300w\" sizes=\"(max-width: 760px) 100vw, 760px\" \/>\t\t\t\t\t\t\t\t<\/a>\n\t\t\t\t\t\t\t\t\t\t\t<figcaption class=\"widget-image-caption wp-caption-text\">Simulaci\u00f3n del Centro Cultural<\/figcaption>\n\t\t\t\t\t\t\t\t\t\t<\/figure>\n\t\t\t\t\t\t\t\t\t<\/div>\n\t\t\t\t<\/div>\n\t\t\t\t<div class=\"elementor-element elementor-element-89972ea elementor-widget elementor-widget-heading\" data-id=\"89972ea\" data-element_type=\"widget\" data-e-type=\"widget\" data-widget_type=\"heading.default\">\n\t\t\t\t<div class=\"elementor-widget-container\">\n\t\t\t\t\t<h2 class=\"elementor-heading-title elementor-size-default\">Estado de desarrollo<\/h2>\t\t\t\t<\/div>\n\t\t\t\t<\/div>\n\t\t\t\t<div class=\"elementor-element elementor-element-0cc7bfc elementor-widget elementor-widget-text-editor\" data-id=\"0cc7bfc\" data-element_type=\"widget\" data-e-type=\"widget\" data-widget_type=\"text-editor.default\">\n\t\t\t\t<div class=\"elementor-widget-container\">\n\t\t\t\t\t\t\t\t\t<p>La planificaci\u00f3n f\u00edsica y el dise\u00f1o conceptual del Centro Cultural SELA seguir\u00e1n avanzando hasta llegar a la fase final de planificaci\u00f3n y dise\u00f1o. Alineado con esto, la programaci\u00f3n y las operaciones del Centro se ver\u00e1n moldeadas por el trabajo del Panel Asesor del Centro Cultural SELA (el Panel). En conjunto, todos los procesos para desarrollar el Centro Cultural SELA garantizar\u00e1n que se satisfacen las necesidades y esperanzas de la comunidad SELA.<\/p>\t\t\t\t\t\t\t\t<\/div>\n\t\t\t\t<\/div>\n\t\t\t\t<div class=\"elementor-element elementor-element-c083612 elementor-widget elementor-widget-heading\" data-id=\"c083612\" data-element_type=\"widget\" data-e-type=\"widget\" data-widget_type=\"heading.default\">\n\t\t\t\t<div class=\"elementor-widget-container\">\n\t\t\t\t\t<h2 class=\"elementor-heading-title elementor-size-default\">Socios del proyecto<\/h2>\t\t\t\t<\/div>\n\t\t\t\t<\/div>\n\t\t\t\t<div class=\"elementor-element elementor-element-ae40a1c elementor-widget elementor-widget-text-editor\" data-id=\"ae40a1c\" data-element_type=\"widget\" data-e-type=\"widget\" data-widget_type=\"text-editor.default\">\n\t\t\t\t<div class=\"elementor-widget-container\">\n\t\t\t\t\t\t\t\t\t<p>El Centro Cultural SELA es un proyecto colaborativo en el que participan de forma activa el condado de Los \u00c1ngeles (el condado) y San Gabriel and Lower Los Angeles Rivers and Mountains Conservancy (RMC, por sus siglas en ingl\u00e9s) en colaboraci\u00f3n con el Departamento de Parques y Recreaci\u00f3n de California (Parques Estatales). Mientras el Panel trabaja para desarrollar un plan de operaciones propuesto, el condado lidera los esfuerzos de planificaci\u00f3n y dise\u00f1o para el Centro Cultural.<\/p>\t\t\t\t\t\t\t\t<\/div>\n\t\t\t\t<\/div>\n\t\t\t\t<\/div>\n\t\t\t\t<\/div>\n\t\t\t\t<\/div>\n\t\t","protected":false},"excerpt":{"rendered":"<p>El Centro En 2020, los miembros de la comunidad que participaron en el proceso de desarrollo de El Plan de Revitalizaci\u00f3n de La Secc\u00edon Baja del R\u00edo Los \u00c1ngeles identificaron [&hellip;]<\/p>\n","protected":false},"author":2,"featured_media":0,"parent":0,"menu_order":0,"comment_status":"closed","ping_status":"closed","template":"","meta":{"inline_featured_image":false,"footnotes":""},"categories":[18],"tags":[],"class_list":["post-458","page","type-page","status-publish","hentry","category-interior"],"yoast_head":"<!-- This site is optimized with the Yoast SEO plugin v27.4 - https:\/\/yoast.com\/product\/yoast-seo-wordpress\/ -->\n<title>El Centro - SELA<\/title>\n<meta name=\"robots\" content=\"index, follow, max-snippet:-1, max-image-preview:large, max-video-preview:-1\" \/>\n<link rel=\"canonical\" href=\"https:\/\/selaculturalcenter.org\/the-center\" \/>\n<meta property=\"og:locale\" content=\"es_ES\" \/>\n<meta property=\"og:type\" content=\"article\" \/>\n<meta property=\"og:title\" content=\"El Centro - SELA\" \/>\n<meta property=\"og:description\" content=\"El Centro En 2020, los miembros de la comunidad que participaron en el proceso de desarrollo de El Plan de Revitalizaci\u00f3n de La Secc\u00edon Baja del R\u00edo Los \u00c1ngeles identificaron [&hellip;]\" \/>\n<meta property=\"og:url\" content=\"https:\/\/selaculturalcenter.org\/the-center\" \/>\n<meta property=\"og:site_name\" content=\"SELA\" \/>\n<meta property=\"article:modified_time\" content=\"2025-11-07T00:57:43+00:00\" \/>\n<meta property=\"og:image\" content=\"https:\/\/selaculturalcenter.org\/wp-content\/uploads\/2025\/04\/The-Center-Page-Header.png\" \/>\n\t<meta property=\"og:image:width\" content=\"760\" \/>\n\t<meta property=\"og:image:height\" content=\"300\" \/>\n\t<meta property=\"og:image:type\" content=\"image\/png\" \/>\n<meta name=\"twitter:card\" content=\"summary_large_image\" \/>\n<meta name=\"twitter:label1\" content=\"Est. reading time\" \/>\n\t<meta name=\"twitter:data1\" content=\"3 minutos\" \/>\n<script type=\"application\/ld+json\" class=\"yoast-schema-graph\">{\"@context\":\"https:\\\/\\\/schema.org\",\"@graph\":[{\"@type\":\"WebPage\",\"@id\":\"https:\\\/\\\/selaculturalcenter.org\\\/the-center\",\"url\":\"https:\\\/\\\/selaculturalcenter.org\\\/the-center\",\"name\":\"El Centro - SELA\",\"isPartOf\":{\"@id\":\"https:\\\/\\\/selaculturalcenter.org\\\/#website\"},\"primaryImageOfPage\":{\"@id\":\"https:\\\/\\\/selaculturalcenter.org\\\/the-center#primaryimage\"},\"image\":{\"@id\":\"https:\\\/\\\/selaculturalcenter.org\\\/the-center#primaryimage\"},\"thumbnailUrl\":\"https:\\\/\\\/selaculturalcenter.org\\\/wp-content\\\/uploads\\\/2025\\\/04\\\/The-Center-Page-Header.png\",\"datePublished\":\"2024-02-15T04:43:08+00:00\",\"dateModified\":\"2025-11-07T00:57:43+00:00\",\"breadcrumb\":{\"@id\":\"https:\\\/\\\/selaculturalcenter.org\\\/the-center#breadcrumb\"},\"inLanguage\":\"es\",\"potentialAction\":[{\"@type\":\"ReadAction\",\"target\":[\"https:\\\/\\\/selaculturalcenter.org\\\/the-center\"]}]},{\"@type\":\"ImageObject\",\"inLanguage\":\"es\",\"@id\":\"https:\\\/\\\/selaculturalcenter.org\\\/the-center#primaryimage\",\"url\":\"https:\\\/\\\/selaculturalcenter.org\\\/wp-content\\\/uploads\\\/2025\\\/04\\\/The-Center-Page-Header.png\",\"contentUrl\":\"https:\\\/\\\/selaculturalcenter.org\\\/wp-content\\\/uploads\\\/2025\\\/04\\\/The-Center-Page-Header.png\"},{\"@type\":\"BreadcrumbList\",\"@id\":\"https:\\\/\\\/selaculturalcenter.org\\\/the-center#breadcrumb\",\"itemListElement\":[{\"@type\":\"ListItem\",\"position\":1,\"name\":\"Home\",\"item\":\"https:\\\/\\\/selaculturalcenter.org\\\/\"},{\"@type\":\"ListItem\",\"position\":2,\"name\":\"El Centro\"}]},{\"@type\":\"WebSite\",\"@id\":\"https:\\\/\\\/selaculturalcenter.org\\\/#website\",\"url\":\"https:\\\/\\\/selaculturalcenter.org\\\/\",\"name\":\"SELA\",\"description\":\"Cultural Center Advisory Panel\",\"publisher\":{\"@id\":\"https:\\\/\\\/selaculturalcenter.org\\\/#organization\"},\"potentialAction\":[{\"@type\":\"SearchAction\",\"target\":{\"@type\":\"EntryPoint\",\"urlTemplate\":\"https:\\\/\\\/selaculturalcenter.org\\\/?s={search_term_string}\"},\"query-input\":{\"@type\":\"PropertyValueSpecification\",\"valueRequired\":true,\"valueName\":\"search_term_string\"}}],\"inLanguage\":\"es\"},{\"@type\":\"Organization\",\"@id\":\"https:\\\/\\\/selaculturalcenter.org\\\/#organization\",\"name\":\"SELA\",\"url\":\"https:\\\/\\\/selaculturalcenter.org\\\/\",\"logo\":{\"@type\":\"ImageObject\",\"inLanguage\":\"es\",\"@id\":\"https:\\\/\\\/selaculturalcenter.org\\\/#\\\/schema\\\/logo\\\/image\\\/\",\"url\":\"https:\\\/\\\/selaculturalcenter.org\\\/wp-content\\\/uploads\\\/2024\\\/02\\\/SELA-Logo.png\",\"contentUrl\":\"https:\\\/\\\/selaculturalcenter.org\\\/wp-content\\\/uploads\\\/2024\\\/02\\\/SELA-Logo.png\",\"width\":311,\"height\":137,\"caption\":\"SELA\"},\"image\":{\"@id\":\"https:\\\/\\\/selaculturalcenter.org\\\/#\\\/schema\\\/logo\\\/image\\\/\"}}]}<\/script>\n<!-- \/ Yoast SEO plugin. -->","yoast_head_json":{"title":"El Centro - SELA","robots":{"index":"index","follow":"follow","max-snippet":"max-snippet:-1","max-image-preview":"max-image-preview:large","max-video-preview":"max-video-preview:-1"},"canonical":"https:\/\/selaculturalcenter.org\/the-center","og_locale":"es_ES","og_type":"article","og_title":"El Centro - SELA","og_description":"El Centro En 2020, los miembros de la comunidad que participaron en el proceso de desarrollo de El Plan de Revitalizaci\u00f3n de La Secc\u00edon Baja del R\u00edo Los \u00c1ngeles identificaron [&hellip;]","og_url":"https:\/\/selaculturalcenter.org\/the-center","og_site_name":"SELA","article_modified_time":"2025-11-07T00:57:43+00:00","og_image":[{"width":760,"height":300,"url":"https:\/\/selaculturalcenter.org\/wp-content\/uploads\/2025\/04\/The-Center-Page-Header.png","type":"image\/png"}],"twitter_card":"summary_large_image","twitter_misc":{"Est. reading time":"3 minutos"},"schema":{"@context":"https:\/\/schema.org","@graph":[{"@type":"WebPage","@id":"https:\/\/selaculturalcenter.org\/the-center","url":"https:\/\/selaculturalcenter.org\/the-center","name":"El Centro - SELA","isPartOf":{"@id":"https:\/\/selaculturalcenter.org\/#website"},"primaryImageOfPage":{"@id":"https:\/\/selaculturalcenter.org\/the-center#primaryimage"},"image":{"@id":"https:\/\/selaculturalcenter.org\/the-center#primaryimage"},"thumbnailUrl":"https:\/\/selaculturalcenter.org\/wp-content\/uploads\/2025\/04\/The-Center-Page-Header.png","datePublished":"2024-02-15T04:43:08+00:00","dateModified":"2025-11-07T00:57:43+00:00","breadcrumb":{"@id":"https:\/\/selaculturalcenter.org\/the-center#breadcrumb"},"inLanguage":"es","potentialAction":[{"@type":"ReadAction","target":["https:\/\/selaculturalcenter.org\/the-center"]}]},{"@type":"ImageObject","inLanguage":"es","@id":"https:\/\/selaculturalcenter.org\/the-center#primaryimage","url":"https:\/\/selaculturalcenter.org\/wp-content\/uploads\/2025\/04\/The-Center-Page-Header.png","contentUrl":"https:\/\/selaculturalcenter.org\/wp-content\/uploads\/2025\/04\/The-Center-Page-Header.png"},{"@type":"BreadcrumbList","@id":"https:\/\/selaculturalcenter.org\/the-center#breadcrumb","itemListElement":[{"@type":"ListItem","position":1,"name":"Home","item":"https:\/\/selaculturalcenter.org\/"},{"@type":"ListItem","position":2,"name":"El Centro"}]},{"@type":"WebSite","@id":"https:\/\/selaculturalcenter.org\/#website","url":"https:\/\/selaculturalcenter.org\/","name":"SELA","description":"Cultural Center Advisory Panel","publisher":{"@id":"https:\/\/selaculturalcenter.org\/#organization"},"potentialAction":[{"@type":"SearchAction","target":{"@type":"EntryPoint","urlTemplate":"https:\/\/selaculturalcenter.org\/?s={search_term_string}"},"query-input":{"@type":"PropertyValueSpecification","valueRequired":true,"valueName":"search_term_string"}}],"inLanguage":"es"},{"@type":"Organization","@id":"https:\/\/selaculturalcenter.org\/#organization","name":"SELA","url":"https:\/\/selaculturalcenter.org\/","logo":{"@type":"ImageObject","inLanguage":"es","@id":"https:\/\/selaculturalcenter.org\/#\/schema\/logo\/image\/","url":"https:\/\/selaculturalcenter.org\/wp-content\/uploads\/2024\/02\/SELA-Logo.png","contentUrl":"https:\/\/selaculturalcenter.org\/wp-content\/uploads\/2024\/02\/SELA-Logo.png","width":311,"height":137,"caption":"SELA"},"image":{"@id":"https:\/\/selaculturalcenter.org\/#\/schema\/logo\/image\/"}}]}},"_links":{"self":[{"href":"https:\/\/selaculturalcenter.org\/es\/wp-json\/wp\/v2\/pages\/458","targetHints":{"allow":["GET"]}}],"collection":[{"href":"https:\/\/selaculturalcenter.org\/es\/wp-json\/wp\/v2\/pages"}],"about":[{"href":"https:\/\/selaculturalcenter.org\/es\/wp-json\/wp\/v2\/types\/page"}],"author":[{"embeddable":true,"href":"https:\/\/selaculturalcenter.org\/es\/wp-json\/wp\/v2\/users\/2"}],"replies":[{"embeddable":true,"href":"https:\/\/selaculturalcenter.org\/es\/wp-json\/wp\/v2\/comments?post=458"}],"version-history":[{"count":0,"href":"https:\/\/selaculturalcenter.org\/es\/wp-json\/wp\/v2\/pages\/458\/revisions"}],"wp:attachment":[{"href":"https:\/\/selaculturalcenter.org\/es\/wp-json\/wp\/v2\/media?parent=458"}],"wp:term":[{"taxonomy":"category","embeddable":true,"href":"https:\/\/selaculturalcenter.org\/es\/wp-json\/wp\/v2\/categories?post=458"},{"taxonomy":"post_tag","embeddable":true,"href":"https:\/\/selaculturalcenter.org\/es\/wp-json\/wp\/v2\/tags?post=458"}],"curies":[{"name":"wp","href":"https:\/\/api.w.org\/{rel}","templated":true}]}}