{"id":402,"date":"2024-02-06T02:12:05","date_gmt":"2024-02-06T10:12:05","guid":{"rendered":"https:\/\/selaculturalcenter.org\/pagina-de-inicio\/"},"modified":"2025-10-29T14:17:14","modified_gmt":"2025-10-29T21:17:14","slug":"pagina-de-inicio","status":"publish","type":"page","link":"https:\/\/selaculturalcenter.org\/es","title":{"rendered":"P\u00e1gina de inicio"},"content":{"rendered":"\t\t<div data-elementor-type=\"wp-post\" data-elementor-id=\"402\" class=\"elementor elementor-402 elementor-8\" data-elementor-post-type=\"page\">\n\t\t\t\t<div class=\"elementor-element elementor-element-4e9428a6 e-flex e-con-boxed e-con e-child\" data-id=\"4e9428a6\" data-element_type=\"container\" data-e-type=\"container\">\n\t\t\t\t\t<div class=\"e-con-inner\">\n\t\t<div class=\"elementor-element elementor-element-c8f8d29 e-con-full e-flex e-con e-child\" data-id=\"c8f8d29\" data-element_type=\"container\" data-e-type=\"container\">\n\t\t\t\t<div class=\"elementor-element elementor-element-3d8e255 elementor-arrows-position-inside elementor-widget elementor-widget-n-carousel\" data-id=\"3d8e255\" data-element_type=\"widget\" data-e-type=\"widget\" data-settings=\"{&quot;carousel_items&quot;:[{&quot;slide_title&quot;:&quot;Slide #1&quot;,&quot;_id&quot;:&quot;392cf38&quot;},{&quot;slide_title&quot;:&quot;Slide #1&quot;,&quot;_id&quot;:&quot;d9e846d&quot;},{&quot;slide_title&quot;:&quot;Slide #1&quot;,&quot;_id&quot;:&quot;09cd2af&quot;}],&quot;slides_to_show&quot;:&quot;1&quot;,&quot;slides_to_show_tablet&quot;:&quot;1&quot;,&quot;slides_to_scroll&quot;:&quot;1&quot;,&quot;slides_to_scroll_tablet&quot;:&quot;1&quot;,&quot;speed&quot;:750,&quot;slides_to_show_mobile&quot;:&quot;1&quot;,&quot;infinite&quot;:&quot;yes&quot;,&quot;offset_sides&quot;:&quot;none&quot;,&quot;arrows&quot;:&quot;yes&quot;,&quot;image_spacing_custom&quot;:{&quot;unit&quot;:&quot;px&quot;,&quot;size&quot;:10,&quot;sizes&quot;:[]},&quot;image_spacing_custom_tablet&quot;:{&quot;unit&quot;:&quot;px&quot;,&quot;size&quot;:&quot;&quot;,&quot;sizes&quot;:[]},&quot;image_spacing_custom_mobile&quot;:{&quot;unit&quot;:&quot;px&quot;,&quot;size&quot;:&quot;&quot;,&quot;sizes&quot;:[]}}\" data-widget_type=\"nested-carousel.default\">\n\t\t\t\t<div class=\"elementor-widget-container\">\n\t\t\t\t\t\t\t<div class=\"e-n-carousel swiper\" role=\"region\" aria-roledescription=\"carousel\" aria-label=\"Carousel\" dir=\"ltr\">\n\t\t\t<div class=\"swiper-wrapper\" aria-live=\"polite\">\n\t\t\t\t\t\t\t\t\t\t<div class=\"swiper-slide\" data-slide=\"1\" role=\"group\" aria-roledescription=\"slide\" aria-label=\"1 of 3\">\n\t\t\t\t\t\t\t<a class=\"elementor-element elementor-element-532958d e-flex e-con-boxed e-con e-child\" data-id=\"532958d\" data-element_type=\"container\" data-e-type=\"container\" data-settings=\"{&quot;background_background&quot;:&quot;classic&quot;}\" href=\"\/es\/reuniones\/\">\n\t\t\t\t\t<div class=\"e-con-inner\">\n\t\t<div class=\"elementor-element elementor-element-6dbea3ac e-con-full slider-overlay e-flex e-con e-child\" data-id=\"6dbea3ac\" data-element_type=\"container\" data-e-type=\"container\">\n\t\t<div class=\"elementor-element elementor-element-60aae6b9 e-con-full e-flex e-con e-child\" data-id=\"60aae6b9\" data-element_type=\"container\" data-e-type=\"container\">\n\t\t\t\t<div class=\"elementor-element elementor-element-8f82b3b elementor-widget elementor-widget-heading\" data-id=\"8f82b3b\" data-element_type=\"widget\" data-e-type=\"widget\" data-widget_type=\"heading.default\">\n\t\t\t\t<div class=\"elementor-widget-container\">\n\t\t\t\t\t<h2 class=\"elementor-heading-title elementor-size-default\">Pr\u00f3xima reuni\u00f3n del panel asesor<\/h2>\t\t\t\t<\/div>\n\t\t\t\t<\/div>\n\t\t\t\t<div class=\"elementor-element elementor-element-25c1380c elementor-widget elementor-widget-text-editor\" data-id=\"25c1380c\" data-element_type=\"widget\" data-e-type=\"widget\" data-widget_type=\"text-editor.default\">\n\t\t\t\t<div class=\"elementor-widget-container\">\n\t\t\t\t\t\t\t\t\t<p>Haga clic para obtener informaci\u00f3n sobre la pr\u00f3xima reuni\u00f3n del panel asesor. \u00bfNecesita un int\u00e9rprete?\u00a0Env\u00edenos un correo electr\u00f3nico a info@selaculturalcenter.org<\/p>\t\t\t\t\t\t\t\t<\/div>\n\t\t\t\t<\/div>\n\t\t\t\t<\/div>\n\t\t\t\t<\/div>\n\t\t\t\t\t<\/div>\n\t\t\t\t<\/a>\n\t\t\t\t\t\t\t\t<\/div>\n\t\t\t\t\t\t\t\t\t\t\t<div class=\"swiper-slide\" data-slide=\"2\" role=\"group\" aria-roledescription=\"slide\" aria-label=\"2 of 3\">\n\t\t\t\t\t\t\t<div class=\"elementor-element elementor-element-4b3c83b e-flex e-con-boxed e-con e-child\" data-id=\"4b3c83b\" data-element_type=\"container\" data-e-type=\"container\" data-settings=\"{&quot;background_background&quot;:&quot;classic&quot;}\">\n\t\t\t\t\t<div class=\"e-con-inner\">\n\t\t<div class=\"elementor-element elementor-element-1754c82 e-con-full slider-overlay e-flex e-con e-child\" data-id=\"1754c82\" data-element_type=\"container\" data-e-type=\"container\" data-settings=\"{&quot;background_background&quot;:&quot;classic&quot;}\">\n\t\t<div class=\"elementor-element elementor-element-50c1d01 e-con-full e-flex e-con e-child\" data-id=\"50c1d01\" data-element_type=\"container\" data-e-type=\"container\">\n\t\t\t\t<div class=\"elementor-element elementor-element-8c57199 elementor-widget elementor-widget-heading\" data-id=\"8c57199\" data-element_type=\"widget\" data-e-type=\"widget\" data-widget_type=\"heading.default\">\n\t\t\t\t<div class=\"elementor-widget-container\">\n\t\t\t\t\t<h1 class=\"elementor-heading-title elementor-size-default\">Deja fluir la creatividad<\/h1>\t\t\t\t<\/div>\n\t\t\t\t<\/div>\n\t\t\t\t<div class=\"elementor-element elementor-element-86a6aab elementor-widget elementor-widget-text-editor\" data-id=\"86a6aab\" data-element_type=\"widget\" data-e-type=\"widget\" data-widget_type=\"text-editor.default\">\n\t\t\t\t<div class=\"elementor-widget-container\">\n\t\t\t\t\t\t\t\t\t<p>El sureste de Los \u00c1ngeles tiene una rica y profunda historia de expresi\u00f3n creativa, con pintores, poetas, artistas y otros que celebran las diversas y din\u00e1micas culturas y tradiciones de la regi\u00f3n. Una fuente de creatividad como esta merece instalaciones de \u00faltima generaci\u00f3n que satisfacen las necesidades de la comunidad y reflejan la importancia cultural de la zona.<\/p><p><span style=\"font-size: 14px;\">Cr\u00e9dito de la foto: Latinas Art Foundation<\/span><\/p>\t\t\t\t\t\t\t\t<\/div>\n\t\t\t\t<\/div>\n\t\t\t\t<\/div>\n\t\t\t\t<\/div>\n\t\t\t\t\t<\/div>\n\t\t\t\t<\/div>\n\t\t\t\t\t\t\t\t<\/div>\n\t\t\t\t\t\t\t\t\t\t\t<div class=\"swiper-slide\" data-slide=\"3\" role=\"group\" aria-roledescription=\"slide\" aria-label=\"3 of 3\">\n\t\t\t\t\t\t\t<a class=\"elementor-element elementor-element-e0b0dce e-flex e-con-boxed e-con e-child\" data-id=\"e0b0dce\" data-element_type=\"container\" data-e-type=\"container\" data-settings=\"{&quot;background_background&quot;:&quot;classic&quot;}\" href=\"https:\/\/app.maptionnaire.com\/q\/8ezs9xf7bcg6\" target=\"_blank\">\n\t\t\t\t\t<div class=\"e-con-inner\">\n\t\t<div class=\"elementor-element elementor-element-9e85fdc e-con-full slider-overlay e-flex e-con e-child\" data-id=\"9e85fdc\" data-element_type=\"container\" data-e-type=\"container\" data-settings=\"{&quot;background_background&quot;:&quot;classic&quot;}\">\n\t\t<div class=\"elementor-element elementor-element-15cbc6d e-con-full e-flex e-con e-child\" data-id=\"15cbc6d\" data-element_type=\"container\" data-e-type=\"container\">\n\t\t\t\t<div class=\"elementor-element elementor-element-8a72fe0 elementor-widget elementor-widget-heading\" data-id=\"8a72fe0\" data-element_type=\"widget\" data-e-type=\"widget\" data-widget_type=\"heading.default\">\n\t\t\t\t<div class=\"elementor-widget-container\">\n\t\t\t\t\t<h1 class=\"elementor-heading-title elementor-size-default\">Queremos saber tu opini\u00f3n!<\/h1>\t\t\t\t<\/div>\n\t\t\t\t<\/div>\n\t\t\t\t<div class=\"elementor-element elementor-element-a7933a7 elementor-widget elementor-widget-text-editor\" data-id=\"a7933a7\" data-element_type=\"widget\" data-e-type=\"widget\" data-widget_type=\"text-editor.default\">\n\t\t\t\t<div class=\"elementor-widget-container\">\n\t\t\t\t\t\t\t\t\t<p>Haga clic para la encuesta sobre los Bienes Culturales de SELA.<\/p>\t\t\t\t\t\t\t\t<\/div>\n\t\t\t\t<\/div>\n\t\t\t\t<\/div>\n\t\t\t\t<\/div>\n\t\t\t\t\t<\/div>\n\t\t\t\t<\/a>\n\t\t\t\t\t\t\t\t<\/div>\n\t\t\t\t\t\t\t\t<\/div>\n\t\t<\/div>\n\t\t\t\t\t<div class=\"elementor-swiper-button elementor-swiper-button-prev\" role=\"button\" tabindex=\"0\" aria-label=\"Anterior\">\n\t\t\t\t<svg aria-hidden=\"true\" class=\"e-font-icon-svg e-eicon-chevron-left\" viewBox=\"0 0 1000 1000\" xmlns=\"http:\/\/www.w3.org\/2000\/svg\"><path d=\"M646 125C629 125 613 133 604 142L308 442C296 454 292 471 292 487 292 504 296 521 308 533L604 854C617 867 629 875 646 875 663 875 679 871 692 858 704 846 713 829 713 812 713 796 708 779 692 767L438 487 692 225C700 217 708 204 708 187 708 171 704 154 692 142 675 129 663 125 646 125Z\"><\/path><\/svg>\t\t\t<\/div>\n\t\t\t<div class=\"elementor-swiper-button elementor-swiper-button-next\" role=\"button\" tabindex=\"0\" aria-label=\"Siguiente\">\n\t\t\t\t<svg aria-hidden=\"true\" class=\"e-font-icon-svg e-eicon-chevron-right\" viewBox=\"0 0 1000 1000\" xmlns=\"http:\/\/www.w3.org\/2000\/svg\"><path d=\"M696 533C708 521 713 504 713 487 713 471 708 454 696 446L400 146C388 133 375 125 354 125 338 125 325 129 313 142 300 154 292 171 292 187 292 204 296 221 308 233L563 492 304 771C292 783 288 800 288 817 288 833 296 850 308 863 321 871 338 875 354 875 371 875 388 867 400 854L696 533Z\"><\/path><\/svg>\t\t\t<\/div>\n\t\t\t\t\t\t<\/div>\n\t\t\t\t<\/div>\n\t\t<div class=\"elementor-element elementor-element-f16aff9 e-con-full e-flex e-con e-child\" data-id=\"f16aff9\" data-element_type=\"container\" data-e-type=\"container\">\n\t\t<div class=\"elementor-element elementor-element-4e70b94 e-con-full e-flex e-con e-child\" data-id=\"4e70b94\" data-element_type=\"container\" data-e-type=\"container\">\n\t\t\t\t<div class=\"elementor-element elementor-element-3ca4655 elementor-widget elementor-widget-image\" data-id=\"3ca4655\" data-element_type=\"widget\" data-e-type=\"widget\" data-widget_type=\"image.default\">\n\t\t\t\t<div class=\"elementor-widget-container\">\n\t\t\t\t\t\t\t\t\t\t\t\t\t\t\t<img decoding=\"async\" width=\"1\" height=\"1\" src=\"https:\/\/selaculturalcenter.org\/wp-content\/uploads\/2025\/04\/Get-Involved-Icon.svg\" class=\"attachment-large size-large wp-image-426\" alt=\"\" \/>\t\t\t\t\t\t\t\t\t\t\t\t\t\t\t<\/div>\n\t\t\t\t<\/div>\n\t\t\t\t<div class=\"elementor-element elementor-element-30fc256 elementor-widget elementor-widget-heading\" data-id=\"30fc256\" data-element_type=\"widget\" data-e-type=\"widget\" data-widget_type=\"heading.default\">\n\t\t\t\t<div class=\"elementor-widget-container\">\n\t\t\t\t\t<h3 class=\"elementor-heading-title elementor-size-default\">Involucrate<\/h3>\t\t\t\t<\/div>\n\t\t\t\t<\/div>\n\t\t\t\t<div class=\"elementor-element elementor-element-4d73428 elementor-align-center elementor-widget elementor-widget-button\" data-id=\"4d73428\" data-element_type=\"widget\" data-e-type=\"widget\" data-widget_type=\"button.default\">\n\t\t\t\t<div class=\"elementor-widget-container\">\n\t\t\t\t\t\t\t\t\t<div class=\"elementor-button-wrapper\">\n\t\t\t\t\t<a class=\"elementor-button elementor-button-link elementor-size-sm\" href=\"https:\/\/selaculturalcenter.org\/es\/eventos-comunitarios\/\">\n\t\t\t\t\t\t<span class=\"elementor-button-content-wrapper\">\n\t\t\t\t\t\t\t\t\t<span class=\"elementor-button-text\">M\u00c1S INFORMACI\u00d3N<\/span>\n\t\t\t\t\t<\/span>\n\t\t\t\t\t<\/a>\n\t\t\t\t<\/div>\n\t\t\t\t\t\t\t\t<\/div>\n\t\t\t\t<\/div>\n\t\t\t\t<\/div>\n\t\t<div class=\"elementor-element elementor-element-360d34a e-con-full e-flex e-con e-child\" data-id=\"360d34a\" data-element_type=\"container\" data-e-type=\"container\">\n\t\t\t\t<div class=\"elementor-element elementor-element-8b07e28 elementor-widget elementor-widget-image\" data-id=\"8b07e28\" data-element_type=\"widget\" data-e-type=\"widget\" data-widget_type=\"image.default\">\n\t\t\t\t<div class=\"elementor-widget-container\">\n\t\t\t\t\t\t\t\t\t\t\t\t\t\t\t<img decoding=\"async\" width=\"1\" height=\"1\" src=\"https:\/\/selaculturalcenter.org\/wp-content\/uploads\/2025\/04\/Meetings-Icon.svg\" class=\"attachment-large size-large wp-image-429\" alt=\"\" \/>\t\t\t\t\t\t\t\t\t\t\t\t\t\t\t<\/div>\n\t\t\t\t<\/div>\n\t\t\t\t<div class=\"elementor-element elementor-element-b542561 elementor-widget elementor-widget-heading\" data-id=\"b542561\" data-element_type=\"widget\" data-e-type=\"widget\" data-widget_type=\"heading.default\">\n\t\t\t\t<div class=\"elementor-widget-container\">\n\t\t\t\t\t<h3 class=\"elementor-heading-title elementor-size-default\">Reuniones<\/h3>\t\t\t\t<\/div>\n\t\t\t\t<\/div>\n\t\t\t\t<div class=\"elementor-element elementor-element-9688135 elementor-align-center elementor-widget elementor-widget-button\" data-id=\"9688135\" data-element_type=\"widget\" data-e-type=\"widget\" data-widget_type=\"button.default\">\n\t\t\t\t<div class=\"elementor-widget-container\">\n\t\t\t\t\t\t\t\t\t<div class=\"elementor-button-wrapper\">\n\t\t\t\t\t<a class=\"elementor-button elementor-button-link elementor-size-sm\" href=\"\/es\/reuniones\">\n\t\t\t\t\t\t<span class=\"elementor-button-content-wrapper\">\n\t\t\t\t\t\t\t\t\t<span class=\"elementor-button-text\">M\u00c1S INFORMACI\u00d3N<\/span>\n\t\t\t\t\t<\/span>\n\t\t\t\t\t<\/a>\n\t\t\t\t<\/div>\n\t\t\t\t\t\t\t\t<\/div>\n\t\t\t\t<\/div>\n\t\t\t\t<\/div>\n\t\t<div class=\"elementor-element elementor-element-a91a74e e-con-full e-flex e-con e-child\" data-id=\"a91a74e\" data-element_type=\"container\" data-e-type=\"container\">\n\t\t\t\t<div class=\"elementor-element elementor-element-432ea34 elementor-widget elementor-widget-image\" data-id=\"432ea34\" data-element_type=\"widget\" data-e-type=\"widget\" data-widget_type=\"image.default\">\n\t\t\t\t<div class=\"elementor-widget-container\">\n\t\t\t\t\t\t\t\t\t\t\t\t\t\t\t<img decoding=\"async\" width=\"1\" height=\"1\" src=\"https:\/\/selaculturalcenter.org\/wp-content\/uploads\/2025\/04\/Share-Your-Ideas-Icon.svg\" class=\"attachment-large size-large wp-image-431\" alt=\"\" \/>\t\t\t\t\t\t\t\t\t\t\t\t\t\t\t<\/div>\n\t\t\t\t<\/div>\n\t\t\t\t<div class=\"elementor-element elementor-element-403ff15 elementor-widget elementor-widget-heading\" data-id=\"403ff15\" data-element_type=\"widget\" data-e-type=\"widget\" data-widget_type=\"heading.default\">\n\t\t\t\t<div class=\"elementor-widget-container\">\n\t\t\t\t\t<h3 class=\"elementor-heading-title elementor-size-default\">Comparte tus ideas<\/h3>\t\t\t\t<\/div>\n\t\t\t\t<\/div>\n\t\t\t\t<div class=\"elementor-element elementor-element-de282bb elementor-align-center elementor-widget elementor-widget-button\" data-id=\"de282bb\" data-element_type=\"widget\" data-e-type=\"widget\" data-widget_type=\"button.default\">\n\t\t\t\t<div class=\"elementor-widget-container\">\n\t\t\t\t\t\t\t\t\t<div class=\"elementor-button-wrapper\">\n\t\t\t\t\t<a class=\"elementor-button elementor-button-link elementor-size-sm\" href=\"https:\/\/selaculturalcenter.org\/es\/comentarios-del-publico\/\">\n\t\t\t\t\t\t<span class=\"elementor-button-content-wrapper\">\n\t\t\t\t\t\t\t\t\t<span class=\"elementor-button-text\">M\u00c1S INFORMACI\u00d3N<\/span>\n\t\t\t\t\t<\/span>\n\t\t\t\t\t<\/a>\n\t\t\t\t<\/div>\n\t\t\t\t\t\t\t\t<\/div>\n\t\t\t\t<\/div>\n\t\t\t\t<\/div>\n\t\t\t\t<\/div>\n\t\t\t\t<\/div>\n\t\t\t\t\t<\/div>\n\t\t\t\t<\/div>\n\t\t\t\t<\/div>\n\t\t","protected":false},"excerpt":{"rendered":"<p>Pr\u00f3xima reuni\u00f3n del panel asesor Haga clic para obtener informaci\u00f3n sobre la pr\u00f3xima reuni\u00f3n del panel asesor. \u00bfNecesita un int\u00e9rprete?\u00a0Env\u00edenos un correo electr\u00f3nico a info@selaculturalcenter.org Deja fluir la creatividad El [&hellip;]<\/p>\n","protected":false},"author":2,"featured_media":0,"parent":0,"menu_order":0,"comment_status":"closed","ping_status":"closed","template":"","meta":{"inline_featured_image":false,"footnotes":""},"categories":[],"tags":[],"class_list":["post-402","page","type-page","status-publish","hentry"],"yoast_head":"<!-- This site is optimized with the Yoast SEO plugin v27.3 - https:\/\/yoast.com\/product\/yoast-seo-wordpress\/ -->\n<title>P\u00e1gina de inicio - SELA<\/title>\n<meta name=\"robots\" content=\"index, follow, max-snippet:-1, max-image-preview:large, max-video-preview:-1\" \/>\n<link rel=\"canonical\" href=\"https:\/\/selaculturalcenter.org\/\" \/>\n<meta property=\"og:locale\" content=\"es_ES\" \/>\n<meta property=\"og:type\" content=\"article\" \/>\n<meta property=\"og:title\" content=\"P\u00e1gina de inicio - SELA\" \/>\n<meta property=\"og:description\" content=\"Pr\u00f3xima reuni\u00f3n del panel asesor Haga clic para obtener informaci\u00f3n sobre la pr\u00f3xima reuni\u00f3n del panel asesor. \u00bfNecesita un int\u00e9rprete?\u00a0Env\u00edenos un correo electr\u00f3nico a info@selaculturalcenter.org Deja fluir la creatividad El [&hellip;]\" \/>\n<meta property=\"og:url\" content=\"https:\/\/selaculturalcenter.org\/\" \/>\n<meta property=\"og:site_name\" content=\"SELA\" \/>\n<meta property=\"article:modified_time\" content=\"2025-10-29T21:17:14+00:00\" \/>\n<meta name=\"twitter:card\" content=\"summary_large_image\" \/>\n<meta name=\"twitter:label1\" content=\"Est. reading time\" \/>\n\t<meta name=\"twitter:data1\" content=\"2 minutos\" \/>\n<script type=\"application\/ld+json\" class=\"yoast-schema-graph\">{\"@context\":\"https:\\\/\\\/schema.org\",\"@graph\":[{\"@type\":\"WebPage\",\"@id\":\"https:\\\/\\\/selaculturalcenter.org\\\/\",\"url\":\"https:\\\/\\\/selaculturalcenter.org\\\/\",\"name\":\"P\u00e1gina de inicio - SELA\",\"isPartOf\":{\"@id\":\"https:\\\/\\\/selaculturalcenter.org\\\/#website\"},\"primaryImageOfPage\":{\"@id\":\"https:\\\/\\\/selaculturalcenter.org\\\/#primaryimage\"},\"image\":{\"@id\":\"https:\\\/\\\/selaculturalcenter.org\\\/#primaryimage\"},\"thumbnailUrl\":\"https:\\\/\\\/selaculturalcenter.org\\\/wp-content\\\/uploads\\\/2025\\\/04\\\/Get-Involved-Icon.svg\",\"datePublished\":\"2024-02-06T10:12:05+00:00\",\"dateModified\":\"2025-10-29T21:17:14+00:00\",\"breadcrumb\":{\"@id\":\"https:\\\/\\\/selaculturalcenter.org\\\/#breadcrumb\"},\"inLanguage\":\"es\",\"potentialAction\":[{\"@type\":\"ReadAction\",\"target\":[\"https:\\\/\\\/selaculturalcenter.org\\\/\"]}]},{\"@type\":\"ImageObject\",\"inLanguage\":\"es\",\"@id\":\"https:\\\/\\\/selaculturalcenter.org\\\/#primaryimage\",\"url\":\"https:\\\/\\\/selaculturalcenter.org\\\/wp-content\\\/uploads\\\/2025\\\/04\\\/Get-Involved-Icon.svg\",\"contentUrl\":\"https:\\\/\\\/selaculturalcenter.org\\\/wp-content\\\/uploads\\\/2025\\\/04\\\/Get-Involved-Icon.svg\"},{\"@type\":\"BreadcrumbList\",\"@id\":\"https:\\\/\\\/selaculturalcenter.org\\\/#breadcrumb\",\"itemListElement\":[{\"@type\":\"ListItem\",\"position\":1,\"name\":\"Home\",\"item\":\"https:\\\/\\\/selaculturalcenter.org\\\/\"},{\"@type\":\"ListItem\",\"position\":2,\"name\":\"P\u00e1gina de inicio\"}]},{\"@type\":\"WebSite\",\"@id\":\"https:\\\/\\\/selaculturalcenter.org\\\/#website\",\"url\":\"https:\\\/\\\/selaculturalcenter.org\\\/\",\"name\":\"SELA\",\"description\":\"Cultural Center Advisory Panel\",\"publisher\":{\"@id\":\"https:\\\/\\\/selaculturalcenter.org\\\/#organization\"},\"potentialAction\":[{\"@type\":\"SearchAction\",\"target\":{\"@type\":\"EntryPoint\",\"urlTemplate\":\"https:\\\/\\\/selaculturalcenter.org\\\/?s={search_term_string}\"},\"query-input\":{\"@type\":\"PropertyValueSpecification\",\"valueRequired\":true,\"valueName\":\"search_term_string\"}}],\"inLanguage\":\"es\"},{\"@type\":\"Organization\",\"@id\":\"https:\\\/\\\/selaculturalcenter.org\\\/#organization\",\"name\":\"SELA\",\"url\":\"https:\\\/\\\/selaculturalcenter.org\\\/\",\"logo\":{\"@type\":\"ImageObject\",\"inLanguage\":\"es\",\"@id\":\"https:\\\/\\\/selaculturalcenter.org\\\/#\\\/schema\\\/logo\\\/image\\\/\",\"url\":\"https:\\\/\\\/selaculturalcenter.org\\\/wp-content\\\/uploads\\\/2024\\\/02\\\/SELA-Logo.png\",\"contentUrl\":\"https:\\\/\\\/selaculturalcenter.org\\\/wp-content\\\/uploads\\\/2024\\\/02\\\/SELA-Logo.png\",\"width\":311,\"height\":137,\"caption\":\"SELA\"},\"image\":{\"@id\":\"https:\\\/\\\/selaculturalcenter.org\\\/#\\\/schema\\\/logo\\\/image\\\/\"}}]}<\/script>\n<!-- \/ Yoast SEO plugin. -->","yoast_head_json":{"title":"P\u00e1gina de inicio - SELA","robots":{"index":"index","follow":"follow","max-snippet":"max-snippet:-1","max-image-preview":"max-image-preview:large","max-video-preview":"max-video-preview:-1"},"canonical":"https:\/\/selaculturalcenter.org\/","og_locale":"es_ES","og_type":"article","og_title":"P\u00e1gina de inicio - SELA","og_description":"Pr\u00f3xima reuni\u00f3n del panel asesor Haga clic para obtener informaci\u00f3n sobre la pr\u00f3xima reuni\u00f3n del panel asesor. \u00bfNecesita un int\u00e9rprete?\u00a0Env\u00edenos un correo electr\u00f3nico a info@selaculturalcenter.org Deja fluir la creatividad El [&hellip;]","og_url":"https:\/\/selaculturalcenter.org\/","og_site_name":"SELA","article_modified_time":"2025-10-29T21:17:14+00:00","twitter_card":"summary_large_image","twitter_misc":{"Est. reading time":"2 minutos"},"schema":{"@context":"https:\/\/schema.org","@graph":[{"@type":"WebPage","@id":"https:\/\/selaculturalcenter.org\/","url":"https:\/\/selaculturalcenter.org\/","name":"P\u00e1gina de inicio - SELA","isPartOf":{"@id":"https:\/\/selaculturalcenter.org\/#website"},"primaryImageOfPage":{"@id":"https:\/\/selaculturalcenter.org\/#primaryimage"},"image":{"@id":"https:\/\/selaculturalcenter.org\/#primaryimage"},"thumbnailUrl":"https:\/\/selaculturalcenter.org\/wp-content\/uploads\/2025\/04\/Get-Involved-Icon.svg","datePublished":"2024-02-06T10:12:05+00:00","dateModified":"2025-10-29T21:17:14+00:00","breadcrumb":{"@id":"https:\/\/selaculturalcenter.org\/#breadcrumb"},"inLanguage":"es","potentialAction":[{"@type":"ReadAction","target":["https:\/\/selaculturalcenter.org\/"]}]},{"@type":"ImageObject","inLanguage":"es","@id":"https:\/\/selaculturalcenter.org\/#primaryimage","url":"https:\/\/selaculturalcenter.org\/wp-content\/uploads\/2025\/04\/Get-Involved-Icon.svg","contentUrl":"https:\/\/selaculturalcenter.org\/wp-content\/uploads\/2025\/04\/Get-Involved-Icon.svg"},{"@type":"BreadcrumbList","@id":"https:\/\/selaculturalcenter.org\/#breadcrumb","itemListElement":[{"@type":"ListItem","position":1,"name":"Home","item":"https:\/\/selaculturalcenter.org\/"},{"@type":"ListItem","position":2,"name":"P\u00e1gina de inicio"}]},{"@type":"WebSite","@id":"https:\/\/selaculturalcenter.org\/#website","url":"https:\/\/selaculturalcenter.org\/","name":"SELA","description":"Cultural Center Advisory Panel","publisher":{"@id":"https:\/\/selaculturalcenter.org\/#organization"},"potentialAction":[{"@type":"SearchAction","target":{"@type":"EntryPoint","urlTemplate":"https:\/\/selaculturalcenter.org\/?s={search_term_string}"},"query-input":{"@type":"PropertyValueSpecification","valueRequired":true,"valueName":"search_term_string"}}],"inLanguage":"es"},{"@type":"Organization","@id":"https:\/\/selaculturalcenter.org\/#organization","name":"SELA","url":"https:\/\/selaculturalcenter.org\/","logo":{"@type":"ImageObject","inLanguage":"es","@id":"https:\/\/selaculturalcenter.org\/#\/schema\/logo\/image\/","url":"https:\/\/selaculturalcenter.org\/wp-content\/uploads\/2024\/02\/SELA-Logo.png","contentUrl":"https:\/\/selaculturalcenter.org\/wp-content\/uploads\/2024\/02\/SELA-Logo.png","width":311,"height":137,"caption":"SELA"},"image":{"@id":"https:\/\/selaculturalcenter.org\/#\/schema\/logo\/image\/"}}]}},"_links":{"self":[{"href":"https:\/\/selaculturalcenter.org\/es\/wp-json\/wp\/v2\/pages\/402","targetHints":{"allow":["GET"]}}],"collection":[{"href":"https:\/\/selaculturalcenter.org\/es\/wp-json\/wp\/v2\/pages"}],"about":[{"href":"https:\/\/selaculturalcenter.org\/es\/wp-json\/wp\/v2\/types\/page"}],"author":[{"embeddable":true,"href":"https:\/\/selaculturalcenter.org\/es\/wp-json\/wp\/v2\/users\/2"}],"replies":[{"embeddable":true,"href":"https:\/\/selaculturalcenter.org\/es\/wp-json\/wp\/v2\/comments?post=402"}],"version-history":[{"count":0,"href":"https:\/\/selaculturalcenter.org\/es\/wp-json\/wp\/v2\/pages\/402\/revisions"}],"wp:attachment":[{"href":"https:\/\/selaculturalcenter.org\/es\/wp-json\/wp\/v2\/media?parent=402"}],"wp:term":[{"taxonomy":"category","embeddable":true,"href":"https:\/\/selaculturalcenter.org\/es\/wp-json\/wp\/v2\/categories?post=402"},{"taxonomy":"post_tag","embeddable":true,"href":"https:\/\/selaculturalcenter.org\/es\/wp-json\/wp\/v2\/tags?post=402"}],"curies":[{"name":"wp","href":"https:\/\/api.w.org\/{rel}","templated":true}]}}